{"id":736,"date":"2020-11-20T03:24:07","date_gmt":"2020-11-20T03:24:07","guid":{"rendered":"https:\/\/elsaco-solutions.instalator-afm.ro\/home-2\/"},"modified":"2025-12-17T11:22:44","modified_gmt":"2025-12-17T09:22:44","slug":"despre-noi","status":"publish","type":"page","link":"https:\/\/solutions.elsaco.com\/en\/","title":{"rendered":"ELSACO SOLUTIONS"},"content":{"rendered":"\n\n\t\t\t<h1>\n\t\t\t\t\tFurniz\u0103m echipamente \u0219i servicii pentru cele mai mari firme \u0219i institu\u021bii din Rom\u00e2nia.\n\t\t\t\t<\/h1>\n\t\t\t<p>Avem o experien\u021b\u0103 de peste 26 de ani \u00een dezvoltarea \u0219i implementarea de solu\u021bii software \u0219i hardware pentru monitorizarea wireless a contoarelor, traficului rutier, citirea \u0219i validarea documentelor de identificare, centrale fotovoltaice PV pentru clien\u021bi comerciali \u0219i industriali.<\/p>\n\t\t\t<a href=\"mailto:sales@elsaco.com\" target=\"_blank\" rel=\"noopener\"class=\"uabb-button uabb-creative-button uabb-creative-default-btn   \"  role=\"button\">\n\t\t\t\t\t\tCONTACTEAZ\u0102-NE\n\t\t<\/a>\n\t\t\t<h2>\n\t\t\t\t\tSolutii profesionale\n\t\t\t\t<\/h2>\n<h2>\n\t\t<a href=\"https:\/\/solutions.elsaco.com\/repowereu\/\" title=\"Implement\u0103m proiecte RePowerEU pentru tranzi\u021bia c\u0103tre energie verde.\" target=\"_self\">\n\t\tImplement\u0103m proiecte RePowerEU pentru tranzi\u021bia c\u0103tre energie verde.\n\t\t<\/a>\n\t<\/h2>\n\t\t\t<h4>\n\t\t\t\t\tEficien\u021b\u0103 Energetic\u0103\n\t\t\t\t<\/h4>\n\t\t\t<p>Proiectare \u0219i instalare centrale fotovoltaice pentru clien\u021bi comerciali \u0219i industriali.<\/p>\n\t\t\t<h4>\n\t\t\t\t\tSmart Metering\n\t\t\t\t<\/h4>\n\t\t\t<p>Solu\u021bii ce permit monitorizarea datelor oric\u0103rui tip de contor (mecanic sau electronic) \u00een timp real.<\/p>\n\t\t\t<h4>\n\t\t\t\t\tAdaptive Recognition\n\t\t\t\t<\/h4>\n\t\t\t<p>Implement\u0103m sisteme de monitorizare trafic, citire \u0219i validare documente.<\/p>\n\t\t\t<h2>\n\t\t\t\t\t<a href=\"https:\/\/adaptiverecognition.com\/%20\" title=\"Suntem distribuitor unic al Adaptive Recognition \u00een Rom\u00e2nia.\" target=\"_blank\" rel=\"noopener\" aria-label=\"Go to https:\/\/adaptiverecognition.com\/%20\">\n\t\t\t\t\t\tSuntem distribuitor unic al Adaptive Recognition \u00een Rom\u00e2nia.\n\t\t\t\t\t\t<\/a>\n\t\t\t<\/h2>\n\t\t\t<h4>\n\t\t\t\t\tExperien\u021b\u0103\n\t\t\t\t<\/h4>\n\t\t\t<h4>\n\t\t\t\t\tCalitate\n\t\t\t\t<\/h4>\n\t\t\t<h4>\n\t\t\t\t\tSiguran\u021b\u0103\n\t\t\t\t<\/h4>\n\t\t\t<h6>\n\t\t\t\t\tElsaco Solutions\n\t\t\t\t<\/h6>\n\t\t\t<h4>\n\t\t\t\t\tParte a grupului ELSACO\n\t\t\t\t<\/h4>\n\t\t\t<h6>\n\t\t\t\t\tColaborarea noastr\u0103 \u00eencepe cu un click.\n\t\t\t\t<\/h6>\n\t\t\t<h4>\n\t\t\t\t\tExperien\u021b\u0103 de peste 26 ani\n\t\t\t\t<\/h4>\n\t\t\t<p>ELSACO a marcat impactul asupra comunit\u0103\u021bilor locale prin implementarea proiectelor transformative. Beneficiarii acestor ini\u021biative au reu\u0219it s\u0103 optimizeze costurile, s\u0103 dezvolte surse inovatoare \u0219i eficiente de producere a energiei, contribuind astfel la sus\u021binerea unui ritm de produc\u021bie superior.<\/p>\n\t\t\t<h4>\n\t\t\t\t\tLucr\u0103m \u00een pas cu clien\u021bii no\u0219tri\n\t\t\t\t<\/h4>\n\t\t\t<p>Suntem \u00eentr-o dezvoltare continu\u0103 pentru a satisface cerin\u021bele \u0219i nevoile clien\u021bilor no\u0219tri. Solu\u021biile noastre sunt concepute pentru a \u00eembun\u0103t\u0103\u021bi calitatea vie\u021bii \u0219i condi\u021biile de munc\u0103, contribuind totodat\u0103 la o dezvoltare sustenabil\u0103 a societ\u0103\u021bii noastre.<\/p>\n\t\t\t<h4>\n\t\t\t\t\tRespect\u0103m standardele de referin\u021b\u0103\n\t\t\t\t<\/h4>\n\t\t\t<p>Urm\u0103rim \u00een mod constant respectarea condi\u0163iilor de asigurare a calit\u0103\u021bii, protec\u021bia mediului, \u00a0securitatea muncii \u0219i s\u0103n\u0103t\u0103\u021bii, securitatea informa\u021biei \u0219i managementul energiei. Sistemul de management integrat respect\u0103 cerin\u0163ele standardelor\u00a0 ISO 9001, ISO 27001, ISO 14001, ISO 50001, ISO 45001 \u0219i SA 8000.<\/p>\n\t\t\t<img decoding=\"async\" loading='false' src=\"https:\/\/solutions.elsaco.com\/wp-content\/uploads\/2024\/04\/WhatsApp-Image-2023-06-30-at-17.27.53-1-2.jpg\" alt=\"\" \/>\t\t\t\n\t\t\t<img decoding=\"async\" loading='false' src=\"https:\/\/solutions.elsaco.com\/wp-content\/uploads\/2024\/04\/PV-1-MW-2.jpg\" alt=\"\" \/>\t\t\t\n\t\t\t<img decoding=\"async\" loading='false' src=\"https:\/\/solutions.elsaco.com\/wp-content\/uploads\/2024\/04\/DJI_0501-2.jpg\" alt=\"\" \/>\t\t\t\n\t\t\t\t<img loading=\"lazy\" decoding=\"async\" src=\"https:\/\/solutions.elsaco.com\/wp-content\/uploads\/2024\/04\/jinko-1024x342.png\" alt=\"jinko\" itemprop=\"image\" height=\"342\" width=\"1024\" title=\"jinko\" onerror=\"this.style.display='none'\"  \/>\n\t\t\t\n\t\t\t<h2>\n\t\t\t\t\tDistribuitor autorizat\n\t\t\t\t<\/h2>\n\t\t\t<h6>\n\t\t\t\t\tParteneri\n\t\t\t\t<\/h6>\n\t\t\t<h2>\n\t\t\t\t\tDe \u00eencredere pentru partenerii no\u0219tri\n\t\t\t\t<\/h2>\n\t\t\t\t<img loading=\"lazy\" decoding=\"async\" src=\"https:\/\/solutions.elsaco.com\/wp-content\/uploads\/2024\/05\/GalaElsaco-cut-1024x462.jpg\" alt=\"GalaElsaco-cut\" itemprop=\"image\" height=\"462\" width=\"1024\" title=\"GalaElsaco-cut\" onerror=\"this.style.display='none'\"  \/>\n\t\t\t<h2>\n\t\t\t\t\tEchipa noastr\u0103\n\t\t\t\t<\/h2>\n\t\t\t<p>Suntem o echip\u0103 dedicat\u0103 de profesioni\u0219ti \u00een energie solar\u0103 \u0219i nu numai, specializat\u0103 \u00een proiectarea, implementarea \u0219i \u00eentre\u021binerea centralelor fotovoltaice. Cu o experien\u021b\u0103 vast\u0103 \u0219i un angajament puternic fa\u021b\u0103 de calitate \u0219i inova\u021bie, suntem aici pentru a v\u0103 ajuta s\u0103 v\u0103 atinge\u021bi obiectivele de durabilitate \u0219i eficien\u021b\u0103 energetic\u0103.\u00a0<\/p>\n\t<p><strong>Fii primul care afl\u0103 nout\u0103\u021bile abon\u00e2ndu-te la newsletter-ul Elsaco Solutions!<\/strong><\/p>\n\t<div class=\"wpforms-container \" id=\"wpforms-455\"><form id=\"wpforms-form-455\" class=\"wpforms-validate wpforms-form\" data-formid=\"455\" method=\"post\" enctype=\"multipart\/form-data\" action=\"\/en\/wp-json\/wp\/v2\/pages\/736\" data-token=\"d1cedacc3e35113903291b16172e7bf5\" data-token-time=\"1777814203\"><noscript class=\"wpforms-error-noscript\">Please enable JavaScript in your browser to complete this form.<\/noscript><div class=\"wpforms-field-container\"><div id=\"wpforms-455-field_2-container\" class=\"wpforms-field wpforms-field-email\" data-field-id=\"2\"><label class=\"wpforms-field-label wpforms-label-hide\" for=\"wpforms-455-field_2\">Email <span class=\"wpforms-required-label\">*<\/span><\/label><input type=\"email\" id=\"wpforms-455-field_2\" class=\"wpforms-field-medium wpforms-field-required\" name=\"wpforms[fields][2]\" placeholder=\"Email\" spellcheck=\"false\" required><\/div><\/div><!-- .wpforms-field-container --><div class=\"wpforms-submit-container\" ><input type=\"hidden\" name=\"wpforms[id]\" value=\"455\"><input type=\"hidden\" name=\"page_title\" value=\"\"><input type=\"hidden\" name=\"page_url\" value=\"https:\/\/solutions.elsaco.com\/en\/wp-json\/wp\/v2\/pages\/736\"><input type=\"hidden\" name=\"url_referer\" value=\"\"><button type=\"submit\" name=\"wpforms[submit]\" id=\"wpforms-submit-455\" class=\"wpforms-submit wpforms-one-thirds wpforms-third\" data-alt-text=\"Abonare...\" data-submit-text=\"Abonare!\" aria-live=\"assertive\" value=\"wpforms-submit\">Abonare!<\/button><\/div><\/form><\/div>  <!-- .wpforms-container -->\n\t<iframe src=\"https:\/\/www.google.com\/maps\/embed\/v1\/place?q=Boto%C8%99ani%2C+Pacea+41A%2C+710013&#038;key=AIzaSyD09zQ9PNDNNy9TadMuzRV_UsPUoWKntt8\" aria-hidden=\"true\"><\/iframe>\n\n","protected":false},"excerpt":{"rendered":"<p>Furniz\u0103m echipamente \u0219i servicii pentru cele mai mari firme \u0219i institu\u021bii din Rom\u00e2nia. Avem o experien\u021b\u0103 de peste 26 de ani \u00een dezvoltarea \u0219i implementarea de solu\u021bii software \u0219i hardware pentru monitorizarea wireless a contoarelor, traficului rutier, citirea \u0219i validarea documentelor de identificare, centrale fotovoltaice PV pentru clien\u021bi comerciali \u0219i industriali. CONTACTEAZ\u0102-NE Solutii profesionale Implement\u0103m [&hellip;]<\/p>\n","protected":false},"author":1,"featured_media":0,"parent":0,"menu_order":0,"comment_status":"closed","ping_status":"closed","template":"","meta":{"site-sidebar-layout":"no-sidebar","site-content-layout":"page-builder","ast-site-content-layout":"","site-content-style":"default","site-sidebar-style":"default","ast-global-header-display":"","ast-banner-title-visibility":"","ast-main-header-display":"","ast-hfb-above-header-display":"","ast-hfb-below-header-display":"","ast-hfb-mobile-header-display":"","site-post-title":"disabled","ast-breadcrumbs-content":"disabled","ast-featured-img":"disabled","footer-sml-layout":"","theme-transparent-header-meta":"enabled","adv-header-id-meta":"","stick-header-meta":"","header-above-stick-meta":"","header-main-stick-meta":"","header-below-stick-meta":"","astra-migrate-meta-layouts":"default","ast-page-background-enabled":"default","ast-page-background-meta":{"desktop":{"background-color":"","background-image":"","background-repeat":"repeat","background-position":"center center","background-size":"auto","background-attachment":"scroll","background-type":"","background-media":"","overlay-type":"","overlay-color":"","overlay-gradient":""},"tablet":{"background-color":"","background-image":"","background-repeat":"repeat","background-position":"center center","background-size":"auto","background-attachment":"scroll","background-type":"","background-media":"","overlay-type":"","overlay-color":"","overlay-gradient":""},"mobile":{"background-color":"","background-image":"","background-repeat":"repeat","background-position":"center center","background-size":"auto","background-attachment":"scroll","background-type":"","background-media":"","overlay-type":"","overlay-color":"","overlay-gradient":""}},"ast-content-background-meta":{"desktop":{"background-color":"var(--ast-global-color-5)","background-image":"","background-repeat":"repeat","background-position":"center center","background-size":"auto","background-attachment":"scroll","background-type":"","background-media":"","overlay-type":"","overlay-color":"","overlay-gradient":""},"tablet":{"background-color":"var(--ast-global-color-5)","background-image":"","background-repeat":"repeat","background-position":"center center","background-size":"auto","background-attachment":"scroll","background-type":"","background-media":"","overlay-type":"","overlay-color":"","overlay-gradient":""},"mobile":{"background-color":"var(--ast-global-color-5)","background-image":"","background-repeat":"repeat","background-position":"center center","background-size":"auto","background-attachment":"scroll","background-type":"","background-media":"","overlay-type":"","overlay-color":"","overlay-gradient":""}},"footnotes":""},"class_list":["post-736","page","type-page","status-publish","hentry"],"_links":{"self":[{"href":"https:\/\/solutions.elsaco.com\/en\/wp-json\/wp\/v2\/pages\/736","targetHints":{"allow":["GET"]}}],"collection":[{"href":"https:\/\/solutions.elsaco.com\/en\/wp-json\/wp\/v2\/pages"}],"about":[{"href":"https:\/\/solutions.elsaco.com\/en\/wp-json\/wp\/v2\/types\/page"}],"author":[{"embeddable":true,"href":"https:\/\/solutions.elsaco.com\/en\/wp-json\/wp\/v2\/users\/1"}],"replies":[{"embeddable":true,"href":"https:\/\/solutions.elsaco.com\/en\/wp-json\/wp\/v2\/comments?post=736"}],"version-history":[{"count":72,"href":"https:\/\/solutions.elsaco.com\/en\/wp-json\/wp\/v2\/pages\/736\/revisions"}],"predecessor-version":[{"id":1588,"href":"https:\/\/solutions.elsaco.com\/en\/wp-json\/wp\/v2\/pages\/736\/revisions\/1588"}],"wp:attachment":[{"href":"https:\/\/solutions.elsaco.com\/en\/wp-json\/wp\/v2\/media?parent=736"}],"curies":[{"name":"wp","href":"https:\/\/api.w.org\/{rel}","templated":true}]}}