{"id":1566,"date":"2025-12-17T10:40:34","date_gmt":"2025-12-17T08:40:34","guid":{"rendered":"https:\/\/solutions.elsaco.com\/?page_id=1566"},"modified":"2025-12-17T11:04:53","modified_gmt":"2025-12-17T09:04:53","slug":"repowereu","status":"publish","type":"page","link":"https:\/\/solutions.elsaco.com\/en\/repowereu\/","title":{"rendered":"RePowerEU"},"content":{"rendered":"<p><strong>RePowerEU<\/strong>: Voucher grant scheme to accelerate the use of renewable energy by households.<\/p>\n\t<p>Investment I.4 aims to accelerate the use of renewable energy by households, through grants in the form of vouchers, within RePowerEU.<\/p>\n\t\t\t<a href=\"\/en\/solicita-oferta\/\" target=\"_blank\" rel=\"noopener\"class=\"uabb-button uabb-creative-button uabb-creative-default-btn\"  role=\"button\">\n\t\t\t\t\t\tRequest the offer\n\t\t<\/a>\n<h2>\n\t\tRePowerEU Project, Phase 1A (vulnerable energy consumers)\n\t<\/h2>\n\tThe project aims to install new photovoltaic panel systems, with a net capacity of at least 3 kW, as well as electricity storage systems with a usable capacity of at least 5 kW, intended for vulnerable energy consumers.\n<h3 data-start=\"1410\" data-end=\"1430\">Overall objective<\/h3>\nReducing electricity costs for vulnerable consumers through the use of renewable energy.\n<h3 data-start=\"1555\" data-end=\"1578\">Specific objectives<\/h3>\n<ul data-start=\"1579\" data-end=\"1837\">\n<li data-start=\"1579\" data-end=\"1667\">\nInstalling the <strong data-start=\"1594\" data-end=\"1601\">887<\/strong> photovoltaic systems with electrical energy storage systems\n<\/li>\n<li data-start=\"1668\" data-end=\"1772\">\nIncreasing the use of renewable energy in <strong data-start=\"1729\" data-end=\"1736\">887<\/strong> single-family residential buildings\n<\/li>\n<li data-start=\"1773\" data-end=\"1837\">\nReducing dependence on classic electricity networks\n<\/li>\n<\/ul>\n<h3 data-start=\"1839\" data-end=\"1858\">Project value<\/h3>\n<strong data-start=\"1859\" data-end=\"1877\">53,534,290 lei<\/strong> (VAT included), of which:\n<ul data-start=\"1904\" data-end=\"1984\">\n<li data-start=\"1904\" data-end=\"1945\">\nEligible value: <strong data-start=\"1925\" data-end=\"1943\">53,412,354 lei<\/strong>\n<\/li>\n<li data-start=\"1946\" data-end=\"1984\">\nIneligible value: <strong data-start=\"1969\" data-end=\"1984\">121,396 lei<\/strong>\n<\/li>\n<\/ul>\n<h3 data-start=\"1986\" data-end=\"2014\">Implementation period<\/h3>\n<strong data-start=\"2015\" data-end=\"2042\">21.11.2025 &#8211; 30.06.2026<\/strong>\n<h3 data-start=\"2044\" data-end=\"2062\">Targeted locations<\/h3>\n<strong data-start=\"2063\" data-end=\"2070\">887<\/strong> individual households in the counties <strong data-start=\"2107\" data-end=\"2119\">Boto\u0219ani<\/strong> and <strong data-start=\"2123\" data-end=\"2134\">Suceava.<\/strong>\n\t\t\t<a href=\"https:\/\/solutions.elsaco.com\/wp-content\/uploads\/2025\/12\/Comunicat-de-presa-RePowerEU-1A_Elsaco-Solutions.pdf\" target=\"_blank\" rel=\"noopener\"class=\"uabb-button uabb-creative-button uabb-creative-default-btn\"  role=\"button\">\n\t\t\t\t\t\tDownload press release\n\t\t<\/a>\n<h2>\n\t\tRePowerEU Project, Phase 1B (general population)\n\t<\/h2>\n\tThe project aims to install electricity storage systems with a usable capacity of at least 5 kW for beneficiaries who already own photovoltaic panel systems with a net capacity of at least 3 kW.\n<h3 data-start=\"2525\" data-end=\"2545\">Overall objective<\/h3>\nReducing electricity costs for <strong data-start=\"2595\" data-end=\"2602\">978<\/strong> final beneficiaries by increasing the storage capacity of energy produced from renewable sources.\n<h3 data-start=\"2704\" data-end=\"2727\">Specific objectives<\/h3>\n<ul data-start=\"2728\" data-end=\"2949\">\n<li data-start=\"2728\" data-end=\"2792\">\nInstalling the <strong data-start=\"2743\" data-end=\"2750\">978<\/strong> electrical energy storage systems\n<\/li>\n<li data-start=\"2793\" data-end=\"2895\">\nIncreasing the efficiency of renewable energy use in <strong data-start=\"2852\" data-end=\"2859\">978<\/strong> single-family residential buildings\n<\/li>\n<li data-start=\"2896\" data-end=\"2949\">\nOptimizing your own electricity consumption\n<\/li>\n<\/ul>\n<h3 data-start=\"2951\" data-end=\"2970\">Project value: <strong data-start=\"2971\" data-end=\"2989\">29,581,254 lei<\/strong> (VAT included)<\/h3>\n<h3 data-start=\"3004\" data-end=\"3032\">Implementation period: <strong data-start=\"3033\" data-end=\"3060\">20.11.2025 &#8211; 30.06.2026<\/strong><\/h3>\n<h3 data-start=\"3062\" data-end=\"3080\">Targeted locations: 978 individual households<\/h3>\n\t\t\t<a href=\"https:\/\/solutions.elsaco.com\/wp-content\/uploads\/2025\/12\/Comunicat-de-presa-RePowerEU-1B_Elsaco-Solutions.pdf\" target=\"_blank\" rel=\"noopener\"class=\"uabb-button uabb-creative-button uabb-creative-default-btn\"  role=\"button\">\n\t\t\t\t\t\tDownload press release\n\t\t<\/a>\n\t<p><strong>Be the first to know the news by subscribing to the Elsaco Solutions newsletter!<\/strong><\/p>\n\t<div class=\"wpforms-container\" id=\"wpforms-455\"><form id=\"wpforms-form-455\" class=\"wpforms-validate wpforms-form\" data-formid=\"455\" method=\"post\" enctype=\"multipart\/form-data\" action=\"\/en\/wp-json\/wp\/v2\/pages\/1566\" data-token=\"d7dc9623d04ff4bc983ba4824e6fb498\" data-token-time=\"1776646613\" data-trp-original-action=\"\/en\/wp-json\/wp\/v2\/pages\/1566\"><noscript class=\"wpforms-error-noscript\">Please enable JavaScript in your browser to complete this form.<\/noscript><div class=\"wpforms-field-container\"><div id=\"wpforms-455-field_2-container\" class=\"wpforms-field wpforms-field-email\" data-field-id=\"2\"><label class=\"wpforms-field-label wpforms-label-hide\" for=\"wpforms-455-field_2\">E-mail <span class=\"wpforms-required-label\">*<\/span><\/label><input type=\"email\" id=\"wpforms-455-field_2\" class=\"wpforms-field-medium wpforms-field-required\" name=\"wpforms[fields][2]\" placeholder=\"E-mail\" spellcheck=\"false\" required><\/div><\/div><!-- .wpforms-field-container --><div class=\"wpforms-submit-container\" ><input type=\"hidden\" name=\"wpforms[id]\" value=\"455\"><input type=\"hidden\" name=\"page_title\" value=\"\"><input type=\"hidden\" name=\"page_url\" value=\"https:\/\/solutions.elsaco.com\/en\/wp-json\/wp\/v2\/pages\/1566\"><input type=\"hidden\" name=\"url_referer\" value=\"\"><button type=\"submit\" name=\"wpforms[submit]\" id=\"wpforms-submit-455\" class=\"wpforms-submit wpforms-one-thirds wpforms-third\" data-alt-text=\"Abonare...\" data-submit-text=\"Abonare!\" aria-live=\"assertive\" value=\"wpforms-submit\">Subscribe!<\/button><\/div><input type=\"hidden\" name=\"trp-form-language\" value=\"en\"\/><\/form><\/div>  <!-- .wpforms-container -->\n\t<iframe src=\"https:\/\/www.google.com\/maps\/embed\/v1\/place?q=Boto%C8%99ani%2C+Pacea+41A%2C+710013&#038;key=AIzaSyD09zQ9PNDNNy9TadMuzRV_UsPUoWKntt8\" aria-hidden=\"true\"><\/iframe>","protected":false},"excerpt":{"rendered":"<p>RePowerEU: Schema de granturi sub form\u0103 de bonuri valorice pentru accelerarea utiliz\u0103rii energiei din surse regenerabile de c\u0103tre gospod\u0103rii. Investi\u021bia I.4 urm\u0103re\u0219te accelerarea utiliz\u0103rii energiei din surse regenerabile de c\u0103tre gospod\u0103rii, prin granturi sub form\u0103 de bonuri valorice, \u00een cadrul RePowerEU. Solicit\u0103 oferta Proiect RePowerEU, Etapa 1A (consumatori vulnerabili de energie) Proiectul are ca obiect [&hellip;]<\/p>","protected":false},"author":1,"featured_media":0,"parent":0,"menu_order":0,"comment_status":"closed","ping_status":"closed","template":"","meta":{"site-sidebar-layout":"no-sidebar","site-content-layout":"page-builder","ast-site-content-layout":"","site-content-style":"default","site-sidebar-style":"default","ast-global-header-display":"","ast-banner-title-visibility":"","ast-main-header-display":"","ast-hfb-above-header-display":"","ast-hfb-below-header-display":"","ast-hfb-mobile-header-display":"","site-post-title":"disabled","ast-breadcrumbs-content":"disabled","ast-featured-img":"disabled","footer-sml-layout":"","theme-transparent-header-meta":"enabled","adv-header-id-meta":"","stick-header-meta":"","header-above-stick-meta":"","header-main-stick-meta":"","header-below-stick-meta":"","astra-migrate-meta-layouts":"default","ast-page-background-enabled":"default","ast-page-background-meta":{"desktop":{"background-color":"","background-image":"","background-repeat":"repeat","background-position":"center center","background-size":"auto","background-attachment":"scroll","background-type":"","background-media":"","overlay-type":"","overlay-color":"","overlay-gradient":""},"tablet":{"background-color":"","background-image":"","background-repeat":"repeat","background-position":"center center","background-size":"auto","background-attachment":"scroll","background-type":"","background-media":"","overlay-type":"","overlay-color":"","overlay-gradient":""},"mobile":{"background-color":"","background-image":"","background-repeat":"repeat","background-position":"center center","background-size":"auto","background-attachment":"scroll","background-type":"","background-media":"","overlay-type":"","overlay-color":"","overlay-gradient":""}},"ast-content-background-meta":{"desktop":{"background-color":"var(--ast-global-color-5)","background-image":"","background-repeat":"repeat","background-position":"center center","background-size":"auto","background-attachment":"scroll","background-type":"","background-media":"","overlay-type":"","overlay-color":"","overlay-gradient":""},"tablet":{"background-color":"var(--ast-global-color-5)","background-image":"","background-repeat":"repeat","background-position":"center center","background-size":"auto","background-attachment":"scroll","background-type":"","background-media":"","overlay-type":"","overlay-color":"","overlay-gradient":""},"mobile":{"background-color":"var(--ast-global-color-5)","background-image":"","background-repeat":"repeat","background-position":"center center","background-size":"auto","background-attachment":"scroll","background-type":"","background-media":"","overlay-type":"","overlay-color":"","overlay-gradient":""}},"footnotes":""},"class_list":["post-1566","page","type-page","status-publish","hentry"],"_links":{"self":[{"href":"https:\/\/solutions.elsaco.com\/en\/wp-json\/wp\/v2\/pages\/1566","targetHints":{"allow":["GET"]}}],"collection":[{"href":"https:\/\/solutions.elsaco.com\/en\/wp-json\/wp\/v2\/pages"}],"about":[{"href":"https:\/\/solutions.elsaco.com\/en\/wp-json\/wp\/v2\/types\/page"}],"author":[{"embeddable":true,"href":"https:\/\/solutions.elsaco.com\/en\/wp-json\/wp\/v2\/users\/1"}],"replies":[{"embeddable":true,"href":"https:\/\/solutions.elsaco.com\/en\/wp-json\/wp\/v2\/comments?post=1566"}],"version-history":[{"count":4,"href":"https:\/\/solutions.elsaco.com\/en\/wp-json\/wp\/v2\/pages\/1566\/revisions"}],"predecessor-version":[{"id":1585,"href":"https:\/\/solutions.elsaco.com\/en\/wp-json\/wp\/v2\/pages\/1566\/revisions\/1585"}],"wp:attachment":[{"href":"https:\/\/solutions.elsaco.com\/en\/wp-json\/wp\/v2\/media?parent=1566"}],"curies":[{"name":"wp","href":"https:\/\/api.w.org\/{rel}","templated":true}]}}