{"id":1406,"date":"2024-04-16T11:08:57","date_gmt":"2024-04-16T08:08:57","guid":{"rendered":"https:\/\/solutions.elsaco.com\/?page_id=1406"},"modified":"2024-04-17T13:52:43","modified_gmt":"2024-04-17T10:52:43","slug":"elsaco-smart-all-meters","status":"publish","type":"page","link":"https:\/\/solutions.elsaco.com\/en\/elsaco-smart-all-meters\/","title":{"rendered":"Smart All Meters"},"content":{"rendered":"\n\n\t<p><strong>Smart All Meters<\/strong><\/p>\n\t<p><strong>ELSACO SAM reprezint\u0103 inova\u021bia \u00een monitorizarea eficient\u0103 a consumului de energie.<\/strong> Acest sistem avansat, cunoscut sub numele de &#8222;Smart All Meters,&#8221; permite monitorizarea \u00een timp real a oric\u0103rui tip de contor, indiferent dac\u0103 este mecanic sau electronic, prin utilizarea tehnologiei OCR (Optical Character Recognition).<\/p>\n\t\t\t<a href=\"\/solicita-oferta\" target=\"_blank\" role=\"button\" rel=\"noopener\">\n\t\t\t\t\t\tSolicit\u0103 oferta\n\t\t<\/a>\n\t<h2>\n\t\t\t\t\tProcesul de colectare a datelor devine rapid, precis \u0219i extrem de eficient. \n\t\t\t\t<\/h2>\n\t\t\t<p>Tehnologia OCR, integrat\u0103 \u00een acest sistem inteligent, transform\u0103 informa\u021biile de pe contoare \u00een date digitale accesibile \u00een timp real. Astfel, clien\u021bii beneficiaz\u0103 de o monitorizare precis\u0103 \u0219i detaliat\u0103 a consumului de energie, contribuind la o gestionare mai eficient\u0103 a resurselor \u0219i la identificarea poten\u021bialelor economii.<\/p>\n\t<p><strong>Fii primul care afl\u0103 nout\u0103\u021bile abon\u00e2ndu-te la newsletter-ul Elsaco Solutions!<\/strong><\/p>\n\t<div class=\"wpforms-container \" id=\"wpforms-455\"><form id=\"wpforms-form-455\" class=\"wpforms-validate wpforms-form\" data-formid=\"455\" method=\"post\" enctype=\"multipart\/form-data\" action=\"\/en\/wp-json\/wp\/v2\/pages\/1406\" data-token=\"21f26d60bf7dfd0f909cbbc1db2fc4ef\" data-token-time=\"1777529230\"><noscript class=\"wpforms-error-noscript\">Please enable JavaScript in your browser to complete this form.<\/noscript><div class=\"wpforms-field-container\"><div id=\"wpforms-455-field_2-container\" class=\"wpforms-field wpforms-field-email\" data-field-id=\"2\"><label class=\"wpforms-field-label wpforms-label-hide\" for=\"wpforms-455-field_2\">Email <span class=\"wpforms-required-label\">*<\/span><\/label><input type=\"email\" id=\"wpforms-455-field_2\" class=\"wpforms-field-medium wpforms-field-required\" name=\"wpforms[fields][2]\" placeholder=\"Email\" spellcheck=\"false\" required><\/div><\/div><!-- .wpforms-field-container --><div class=\"wpforms-submit-container\" ><input type=\"hidden\" name=\"wpforms[id]\" value=\"455\"><input type=\"hidden\" name=\"page_title\" value=\"\"><input type=\"hidden\" name=\"page_url\" value=\"https:\/\/solutions.elsaco.com\/en\/wp-json\/wp\/v2\/pages\/1406\"><input type=\"hidden\" name=\"url_referer\" value=\"\"><button type=\"submit\" name=\"wpforms[submit]\" id=\"wpforms-submit-455\" class=\"wpforms-submit wpforms-one-thirds wpforms-third\" data-alt-text=\"Abonare...\" data-submit-text=\"Abonare!\" aria-live=\"assertive\" value=\"wpforms-submit\">Abonare!<\/button><\/div><\/form><\/div>  <!-- .wpforms-container -->\n\t<iframe src=\"https:\/\/www.google.com\/maps\/embed\/v1\/place?q=Boto%C8%99ani%2C+Pacea+41A%2C+710013&#038;key=AIzaSyD09zQ9PNDNNy9TadMuzRV_UsPUoWKntt8\" aria-hidden=\"true\"><\/iframe>\n\n","protected":false},"excerpt":{"rendered":"<p>Smart All Meters ELSACO SAM reprezint\u0103 inova\u021bia \u00een monitorizarea eficient\u0103 a consumului de energie. Acest sistem avansat, cunoscut sub numele de &#8222;Smart All Meters,&#8221; permite monitorizarea \u00een timp real a oric\u0103rui tip de contor, indiferent dac\u0103 este mecanic sau electronic, prin utilizarea tehnologiei OCR (Optical Character Recognition). Solicit\u0103 oferta Procesul de colectare a datelor devine [&hellip;]<\/p>\n","protected":false},"author":1,"featured_media":0,"parent":0,"menu_order":0,"comment_status":"closed","ping_status":"closed","template":"","meta":{"site-sidebar-layout":"no-sidebar","site-content-layout":"page-builder","ast-site-content-layout":"","site-content-style":"default","site-sidebar-style":"default","ast-global-header-display":"","ast-banner-title-visibility":"","ast-main-header-display":"","ast-hfb-above-header-display":"","ast-hfb-below-header-display":"","ast-hfb-mobile-header-display":"","site-post-title":"disabled","ast-breadcrumbs-content":"disabled","ast-featured-img":"disabled","footer-sml-layout":"","theme-transparent-header-meta":"enabled","adv-header-id-meta":"","stick-header-meta":"","header-above-stick-meta":"","header-main-stick-meta":"","header-below-stick-meta":"","astra-migrate-meta-layouts":"default","ast-page-background-enabled":"default","ast-page-background-meta":{"desktop":{"background-color":"","background-image":"","background-repeat":"repeat","background-position":"center center","background-size":"auto","background-attachment":"scroll","background-type":"","background-media":"","overlay-type":"","overlay-color":"","overlay-gradient":""},"tablet":{"background-color":"","background-image":"","background-repeat":"repeat","background-position":"center center","background-size":"auto","background-attachment":"scroll","background-type":"","background-media":"","overlay-type":"","overlay-color":"","overlay-gradient":""},"mobile":{"background-color":"","background-image":"","background-repeat":"repeat","background-position":"center center","background-size":"auto","background-attachment":"scroll","background-type":"","background-media":"","overlay-type":"","overlay-color":"","overlay-gradient":""}},"ast-content-background-meta":{"desktop":{"background-color":"var(--ast-global-color-5)","background-image":"","background-repeat":"repeat","background-position":"center center","background-size":"auto","background-attachment":"scroll","background-type":"","background-media":"","overlay-type":"","overlay-color":"","overlay-gradient":""},"tablet":{"background-color":"var(--ast-global-color-5)","background-image":"","background-repeat":"repeat","background-position":"center center","background-size":"auto","background-attachment":"scroll","background-type":"","background-media":"","overlay-type":"","overlay-color":"","overlay-gradient":""},"mobile":{"background-color":"var(--ast-global-color-5)","background-image":"","background-repeat":"repeat","background-position":"center center","background-size":"auto","background-attachment":"scroll","background-type":"","background-media":"","overlay-type":"","overlay-color":"","overlay-gradient":""}},"footnotes":""},"class_list":["post-1406","page","type-page","status-publish","hentry"],"_links":{"self":[{"href":"https:\/\/solutions.elsaco.com\/en\/wp-json\/wp\/v2\/pages\/1406","targetHints":{"allow":["GET"]}}],"collection":[{"href":"https:\/\/solutions.elsaco.com\/en\/wp-json\/wp\/v2\/pages"}],"about":[{"href":"https:\/\/solutions.elsaco.com\/en\/wp-json\/wp\/v2\/types\/page"}],"author":[{"embeddable":true,"href":"https:\/\/solutions.elsaco.com\/en\/wp-json\/wp\/v2\/users\/1"}],"replies":[{"embeddable":true,"href":"https:\/\/solutions.elsaco.com\/en\/wp-json\/wp\/v2\/comments?post=1406"}],"version-history":[{"count":4,"href":"https:\/\/solutions.elsaco.com\/en\/wp-json\/wp\/v2\/pages\/1406\/revisions"}],"predecessor-version":[{"id":1484,"href":"https:\/\/solutions.elsaco.com\/en\/wp-json\/wp\/v2\/pages\/1406\/revisions\/1484"}],"wp:attachment":[{"href":"https:\/\/solutions.elsaco.com\/en\/wp-json\/wp\/v2\/media?parent=1406"}],"curies":[{"name":"wp","href":"https:\/\/api.w.org\/{rel}","templated":true}]}}