{"id":1366,"date":"2024-04-14T18:46:37","date_gmt":"2024-04-14T15:46:37","guid":{"rendered":"https:\/\/solutions.elsaco.com\/?page_id=1366"},"modified":"2024-05-13T13:17:52","modified_gmt":"2024-05-13T10:17:52","slug":"fondul-de-modernizare","status":"publish","type":"page","link":"https:\/\/solutions.elsaco.com\/en\/fondul-de-modernizare\/","title":{"rendered":"The Modernization Fund"},"content":{"rendered":"\n\n\t<p><strong>Fondul pentru Modernizare<\/strong><\/p>\n\t<p><strong>Elsaco Solutions<\/strong>, partenerul dvs. principal \u00een navigarea prin complexitatea proiectelor finan\u021bate de UE pentru instalarea sistemelor fotovoltaice (PV).<\/p>\n\t\t\t<a href=\"\/solicita-oferta\" target=\"_blank\" role=\"button\" rel=\"noopener\">\n\t\t\t\t\t\tSolicit\u0103 oferta\n\t\t<\/a>\n\t<h2>\n\t\t\t\t\tFondul pentru Modernizare, Sprijinirea investi\u021biilor \u00een noi capacita\u021bi de producere a energiei electrice din surse regenerabile.\n\t\t\t\t<\/h2>\n\t\t\t<p>Cu aceste fonduri pute\u021bi instala Centrale Fotovoltaice PV cu o finan\u021bare de p\u00e2n\u0103 la 100% din valoarea total\u0103 a cheltuielilor eligibile. <strong>Limita de finan\u021bare este de 20.000.000 EUR per beneficiar, indiferent de situa\u021bia financiar\u0103 a solicitantului (profit sau pierdere).<\/strong><\/p>\n\t\t\t<a href=\"https:\/\/files.elsaco.com\/solutions\/Finantari\/\" target=\"_blank\" role=\"button\" rel=\"noopener\">\n\t\t\t\t\t\tDescarc\u0103 Ghid\n\t\t<\/a>\n\t<h2>\n\t\t\t\t\tExist\u0103 2 tipuri de proiecte ce se pot finan\u021ba: AUTOCONSUM si PRODUC\u021aIE.\n\t\t\t\t<\/h2>\n\t<p><strong>AUTOCONSUM:<\/strong><\/p>\n\t<p>Valoarea solicitat\u0103 pentru cheltuielile eligibile nu poate dep\u0103\u0219i:<\/p>\n\u2022 1.000.000 Euro\/MW &#8211; pentru capacit\u0103\u021bile instalate de p\u00e2n\u0103 la 1 MW (inclusiv).<br \/>\n\u2022 500.000 Euro\/MW &#8211; pentru capacit\u0103\u021bile instalate de peste 1 MW.\n\t<p><strong>PRODUC\u021aIE:<\/strong><\/p>\n\tValoarea solicitat\u0103 pentru cheltuielile eligibile nu poate dep\u0103\u0219i:<br \/>\n\u2022\t500.000 Euro\/MW &#8211; pentru toate capacit\u0103\u021bile instalate.\n\t<p>\u00cembarcarea \u00eentr-un proiect de sisteme fotovoltaice sus\u021binut de fonduri nerambursabile poate fi o oportunitate transformatoare pentru \u00eentreprinderi. <strong>La Elsaco Solutions suntem specializa\u021bi \u00eenc\u0103 din anul 2019 \u00een oferirea unui sprijin cuprinz\u0103tor, de la planificarea tehnic\u0103 la implementarea proiectului<\/strong>, pentru a asigura succesul ini\u021biativei dvs. fotovoltaice cu finan\u021bare.<\/p>\n\t<p><strong>Echipa noastr\u0103 de exper\u021bi este dedicat\u0103 s\u0103 v\u0103 ghideze \u00een fiecare etap\u0103 a procesului, de la evalu\u0103rile ini\u021biale de fezabilitate \u0219i planificarea tehnic\u0103 p\u00e2n\u0103 la asigurarea finan\u021b\u0103rii UE \u0219i supravegherea execu\u021biei proiectului.<\/strong> \u00cen\u021belegem complexitatea programelor de finan\u021bare ale UE \u0219i vom lucra \u00eendeaproape cu dvs. pentru a dezvolta o strategie personalizat\u0103 care s\u0103 v\u0103 maximizeze \u0219ansele de succes.<\/p>\n\t<p>Datorit\u0103 experien\u021bei noastre vaste \u0219i cuno\u0219tin\u021belor aprofundate at\u00e2t \u00een ceea ce prive\u0219te aspectele tehnice, c\u00e2t \u0219i cele legate de finan\u021bare, <strong>simplific\u0103m \u00eentregul proces, permi\u021b\u00e2ndu-v\u0103 s\u0103 v\u0103 concentra\u021bi asupra activit\u0103\u021bilor de baz\u0103 ale afacerii dumneavoastr\u0103<\/strong>, \u00een timp ce noi ne ocup\u0103m de complexitatea gestion\u0103rii \u0219i administr\u0103rii proiectului.<\/p>\n\t<h2>\n\t\t\t\t\tIndiferent dac\u0103 sunte\u021bi o afacere mic\u0103 sau o corpora\u021bie mare, Elsaco Solutions este aici pentru a v\u0103 sprijini \u00een valorificarea puterii energiei solare prin intermediul proiectelor fotovoltaice finan\u021bate de UE. \n\t\t\t\t<\/h2>\n\t\t\tContacta\u021bi-ne ast\u0103zi pentru a afla mai multe despre modul \u00een care v\u0103 putem ajuta s\u0103 v\u0103 transforma\u021bi aspira\u021biile \u00een materie de energie regenerabil\u0103 \u00een realitate.\n\t\t\t<a href=\"\/solicita-oferta\" target=\"_blank\" role=\"button\" rel=\"noopener\">\n\t\t\t\t\t\tSolicit\u0103 oferta\n\t\t<\/a>\n\t<p><strong>Fii primul care afl\u0103 nout\u0103\u021bile abon\u00e2ndu-te la newsletter-ul Elsaco Solutions!<\/strong><\/p>\n\t<div class=\"wpforms-container \" id=\"wpforms-455\"><form id=\"wpforms-form-455\" class=\"wpforms-validate wpforms-form\" data-formid=\"455\" method=\"post\" enctype=\"multipart\/form-data\" action=\"\/en\/wp-json\/wp\/v2\/pages\/1366\" data-token=\"d1cedacc3e35113903291b16172e7bf5\" data-token-time=\"1777818914\"><noscript class=\"wpforms-error-noscript\">Please enable JavaScript in your browser to complete this form.<\/noscript><div class=\"wpforms-field-container\"><div id=\"wpforms-455-field_2-container\" class=\"wpforms-field wpforms-field-email\" data-field-id=\"2\"><label class=\"wpforms-field-label wpforms-label-hide\" for=\"wpforms-455-field_2\">Email <span class=\"wpforms-required-label\">*<\/span><\/label><input type=\"email\" id=\"wpforms-455-field_2\" class=\"wpforms-field-medium wpforms-field-required\" name=\"wpforms[fields][2]\" placeholder=\"Email\" spellcheck=\"false\" required><\/div><\/div><!-- .wpforms-field-container --><div class=\"wpforms-submit-container\" ><input type=\"hidden\" name=\"wpforms[id]\" value=\"455\"><input type=\"hidden\" name=\"page_title\" value=\"\"><input type=\"hidden\" name=\"page_url\" value=\"https:\/\/solutions.elsaco.com\/en\/wp-json\/wp\/v2\/pages\/1366\"><input type=\"hidden\" name=\"url_referer\" value=\"\"><button type=\"submit\" name=\"wpforms[submit]\" id=\"wpforms-submit-455\" class=\"wpforms-submit wpforms-one-thirds wpforms-third\" data-alt-text=\"Abonare...\" data-submit-text=\"Abonare!\" aria-live=\"assertive\" value=\"wpforms-submit\">Abonare!<\/button><\/div><\/form><\/div>  <!-- .wpforms-container -->\n\t<iframe src=\"https:\/\/www.google.com\/maps\/embed\/v1\/place?q=Boto%C8%99ani%2C+Pacea+41A%2C+710013&#038;key=AIzaSyD09zQ9PNDNNy9TadMuzRV_UsPUoWKntt8\" aria-hidden=\"true\"><\/iframe>\n\n","protected":false},"excerpt":{"rendered":"<p>Fondul pentru Modernizare Elsaco Solutions, partenerul dvs. principal \u00een navigarea prin complexitatea proiectelor finan\u021bate de UE pentru instalarea sistemelor fotovoltaice (PV). Solicit\u0103 oferta Fondul pentru Modernizare, Sprijinirea investi\u021biilor \u00een noi capacita\u021bi de producere a energiei electrice din surse regenerabile. Cu aceste fonduri pute\u021bi instala Centrale Fotovoltaice PV cu o finan\u021bare de p\u00e2n\u0103 la 100% din [&hellip;]<\/p>\n","protected":false},"author":1,"featured_media":0,"parent":0,"menu_order":0,"comment_status":"closed","ping_status":"closed","template":"","meta":{"site-sidebar-layout":"no-sidebar","site-content-layout":"page-builder","ast-site-content-layout":"","site-content-style":"default","site-sidebar-style":"default","ast-global-header-display":"","ast-banner-title-visibility":"","ast-main-header-display":"","ast-hfb-above-header-display":"","ast-hfb-below-header-display":"","ast-hfb-mobile-header-display":"","site-post-title":"disabled","ast-breadcrumbs-content":"disabled","ast-featured-img":"disabled","footer-sml-layout":"","theme-transparent-header-meta":"enabled","adv-header-id-meta":"","stick-header-meta":"","header-above-stick-meta":"","header-main-stick-meta":"","header-below-stick-meta":"","astra-migrate-meta-layouts":"default","ast-page-background-enabled":"default","ast-page-background-meta":{"desktop":{"background-color":"","background-image":"","background-repeat":"repeat","background-position":"center center","background-size":"auto","background-attachment":"scroll","background-type":"","background-media":"","overlay-type":"","overlay-color":"","overlay-gradient":""},"tablet":{"background-color":"","background-image":"","background-repeat":"repeat","background-position":"center center","background-size":"auto","background-attachment":"scroll","background-type":"","background-media":"","overlay-type":"","overlay-color":"","overlay-gradient":""},"mobile":{"background-color":"","background-image":"","background-repeat":"repeat","background-position":"center center","background-size":"auto","background-attachment":"scroll","background-type":"","background-media":"","overlay-type":"","overlay-color":"","overlay-gradient":""}},"ast-content-background-meta":{"desktop":{"background-color":"var(--ast-global-color-5)","background-image":"","background-repeat":"repeat","background-position":"center center","background-size":"auto","background-attachment":"scroll","background-type":"","background-media":"","overlay-type":"","overlay-color":"","overlay-gradient":""},"tablet":{"background-color":"var(--ast-global-color-5)","background-image":"","background-repeat":"repeat","background-position":"center center","background-size":"auto","background-attachment":"scroll","background-type":"","background-media":"","overlay-type":"","overlay-color":"","overlay-gradient":""},"mobile":{"background-color":"var(--ast-global-color-5)","background-image":"","background-repeat":"repeat","background-position":"center center","background-size":"auto","background-attachment":"scroll","background-type":"","background-media":"","overlay-type":"","overlay-color":"","overlay-gradient":""}},"footnotes":""},"class_list":["post-1366","page","type-page","status-publish","hentry"],"_links":{"self":[{"href":"https:\/\/solutions.elsaco.com\/en\/wp-json\/wp\/v2\/pages\/1366","targetHints":{"allow":["GET"]}}],"collection":[{"href":"https:\/\/solutions.elsaco.com\/en\/wp-json\/wp\/v2\/pages"}],"about":[{"href":"https:\/\/solutions.elsaco.com\/en\/wp-json\/wp\/v2\/types\/page"}],"author":[{"embeddable":true,"href":"https:\/\/solutions.elsaco.com\/en\/wp-json\/wp\/v2\/users\/1"}],"replies":[{"embeddable":true,"href":"https:\/\/solutions.elsaco.com\/en\/wp-json\/wp\/v2\/comments?post=1366"}],"version-history":[{"count":7,"href":"https:\/\/solutions.elsaco.com\/en\/wp-json\/wp\/v2\/pages\/1366\/revisions"}],"predecessor-version":[{"id":1507,"href":"https:\/\/solutions.elsaco.com\/en\/wp-json\/wp\/v2\/pages\/1366\/revisions\/1507"}],"wp:attachment":[{"href":"https:\/\/solutions.elsaco.com\/en\/wp-json\/wp\/v2\/media?parent=1366"}],"curies":[{"name":"wp","href":"https:\/\/api.w.org\/{rel}","templated":true}]}}