{"id":1362,"date":"2024-04-14T18:41:27","date_gmt":"2024-04-14T15:41:27","guid":{"rendered":"https:\/\/solutions.elsaco.com\/?page_id=1362"},"modified":"2025-12-17T11:14:46","modified_gmt":"2025-12-17T09:14:46","slug":"pnrr-stocare-energie","status":"publish","type":"page","link":"https:\/\/solutions.elsaco.com\/en\/pnrr-stocare-energie\/","title":{"rendered":"PNRR \u2013 Energy Storage"},"content":{"rendered":"\n\n\t<p><strong>PNRR &#8211; Stocare Energie<\/strong><\/p>\n\t<p><strong>Elsaco Solutions<\/strong> este destina\u021bia dvs. principal\u0103 pentru planificarea tehnic\u0103 de specialitate \u0219i suportul \u00een implementarea proiectelor de stocare a energiei verzi.<\/p>\n\t\t\t<a href=\"\/solicita-oferta\" target=\"_blank\" rel=\"noopener\"class=\"uabb-button uabb-creative-button uabb-creative-default-btn   \"  role=\"button\">\n\t\t\t\t\t\tSolicit\u0103 oferta\n\t\t<\/a>\n\t\t\t<h2>\n\t\t\t\t\tFINAN\u021a\u0102RI DISPONIBILE\n\t\t\t\t<\/h2>\n\t<p>PNRR, Investi\u021bia I.4 &#8211; Sprijinirea investi\u021biilor in dezvoltarea capacita\u021bilor de stocare a energiei electrice (baterii).<\/p>\n<p>&nbsp;<\/p>\n<p>Cu aceste fonduri pute\u021bi instala Sisteme de Stocare Energie Electrica \u00een Baterii cu o finan\u021bare de pana la 100% din valoarea total\u0103 a cheltuielilor eligibile.<\/p>\n<p>&nbsp;<\/p>\nLimita de finan\u021bare este de 15.000.000 EUR per \u00eentreprindere.<br \/>\nValoarea solicitat\u0103 pentru cheltuielile eligibile nu poate dep\u0103\u0219i 167.000 EUR per MWh de stocare energie \u00een baterii.\n<p>&nbsp;<\/p>\n<p>Proiectele se vor depune \u00eencep\u00e2nd cu 08 Feb. 2024, iar \u00eenchiderea procedurii va fi pe 21 Apr. 2024.<\/p>\n\t<p><i>Depunerea proiectelor a fost p\u00e2n\u0103 la data de 21 Aprilie 2024, iar aceast\u0103 finan\u021bare este \u00eenchis\u0103 momentan. Vom actualiza aceast\u0103 pagin\u0103 atunci c\u00e2nd se va relansa apelul.<\/i><\/p>\n\t\t\t<h2>\n\t\t\t\t\tMaximizarea poten\u021bialului energiei solare merge dincolo de simpla captare a luminii solare &#8211; este vorba despre stocarea \u0219i utilizarea eficient\u0103 a acestei energii atunci c\u00e2nd este cel mai necesar. \n\t\t\t\t<\/h2>\n\t\t\tLa Elsaco Solutions suntem specializa\u021bi \u00een a ajuta \u00eentreprinderile s\u0103 valorifice puterea sistemelor fotovoltaice prin proiectarea \u0219i implementarea unor solu\u021bii personalizate de stocare a energiei.\n\t<p><strong>Echipa noastr\u0103 de ingineri \u0219i exper\u021bi \u00een energie cu experien\u021b\u0103 va lucra \u00eendeaproape cu dumneavoastr\u0103 pentru a dezvolta un plan tehnic cuprinz\u0103tor pentru integrarea stoc\u0103rii \u00een baterii cu sistemul dumneavoastr\u0103 fotovoltaic<\/strong>. De la efectuarea unor evalu\u0103ri am\u0103nun\u021bite ale amplasamentului p\u00e2n\u0103 la proiectarea unor configura\u021bii optimizate de stocare, ne vom asigura c\u0103 proiectul dvs. de stocare a energiei \u00eendepline\u0219te cerin\u021bele \u0219i obiectivele dvs. specifice.<\/p>\n\t<p>Dar nu ne oprim aici &#8211; <strong>v\u0103 oferim asisten\u021b\u0103 \u00een implementarea p\u00e2n\u0103 la punerea \u00een func\u021biune astfel \u00eenc\u00e2t dvs. pentru a v\u0103 aduce proiectul la via\u021b\u0103. Indiferent dac\u0103 dori\u021bi s\u0103 instala\u021bi un sistem de baterii la scar\u0103 mic\u0103 pentru o proprietate comercial\u0103 sau vre\u021bi s\u0103 implementa\u021bi o instala\u021bie de stocare la scar\u0103 mare pentru un parc fotovoltaic la scar\u0103 utilitar\u0103<\/strong>, avem expertiza \u0219i resursele necesare pentru a ne ocupa de fiecare aspect al procesului de implementare.<\/p>\n\t\t\t<h2>\n\t\t\t\t\tCu Elsaco Solutions pute\u021bi avea \u00eencredere c\u0103 proiectul dvs. de stocare a energiei se afl\u0103 pe m\u00e2ini capabile. \n\t\t\t\t<\/h2>\n\t\t\tContacta\u021bi-ne ast\u0103zi pentru a afla mai multe despre cum putem sprijini tranzi\u021bia afacerii dvs. c\u0103tre un viitor energetic mai durabil \u0219i mai rezistent.\n\t\t\t<a href=\"\/solicita-oferta\" target=\"_blank\" rel=\"noopener\"class=\"uabb-button uabb-creative-button uabb-creative-default-btn   \"  role=\"button\">\n\t\t\t\t\t\tSolicit\u0103 oferta\n\t\t<\/a>\n\t<p><strong>Fii primul care afl\u0103 nout\u0103\u021bile abon\u00e2ndu-te la newsletter-ul Elsaco Solutions!<\/strong><\/p>\n\t<div class=\"wpforms-container \" id=\"wpforms-455\"><form id=\"wpforms-form-455\" class=\"wpforms-validate wpforms-form\" data-formid=\"455\" method=\"post\" enctype=\"multipart\/form-data\" action=\"\/en\/wp-json\/wp\/v2\/pages\/1362\" data-token=\"5424a2e9a9d373d92c0cbf6148273d12\" data-token-time=\"1778168940\"><noscript class=\"wpforms-error-noscript\">Please enable JavaScript in your browser to complete this form.<\/noscript><div class=\"wpforms-field-container\"><div id=\"wpforms-455-field_2-container\" class=\"wpforms-field wpforms-field-email\" data-field-id=\"2\"><label class=\"wpforms-field-label wpforms-label-hide\" for=\"wpforms-455-field_2\">Email <span class=\"wpforms-required-label\">*<\/span><\/label><input type=\"email\" id=\"wpforms-455-field_2\" class=\"wpforms-field-medium wpforms-field-required\" name=\"wpforms[fields][2]\" placeholder=\"Email\" spellcheck=\"false\" required><\/div><\/div><!-- .wpforms-field-container --><div class=\"wpforms-submit-container\" ><input type=\"hidden\" name=\"wpforms[id]\" value=\"455\"><input type=\"hidden\" name=\"page_title\" value=\"\"><input type=\"hidden\" name=\"page_url\" value=\"https:\/\/solutions.elsaco.com\/en\/wp-json\/wp\/v2\/pages\/1362\"><input type=\"hidden\" name=\"url_referer\" value=\"\"><button type=\"submit\" name=\"wpforms[submit]\" id=\"wpforms-submit-455\" class=\"wpforms-submit wpforms-one-thirds wpforms-third\" data-alt-text=\"Abonare...\" data-submit-text=\"Abonare!\" aria-live=\"assertive\" value=\"wpforms-submit\">Abonare!<\/button><\/div><\/form><\/div>  <!-- .wpforms-container -->\n\t<iframe src=\"https:\/\/www.google.com\/maps\/embed\/v1\/place?q=Boto%C8%99ani%2C+Pacea+41A%2C+710013&#038;key=AIzaSyD09zQ9PNDNNy9TadMuzRV_UsPUoWKntt8\" aria-hidden=\"true\"><\/iframe>\n\n","protected":false},"excerpt":{"rendered":"<p>PNRR &#8211; Stocare Energie Elsaco Solutions este destina\u021bia dvs. principal\u0103 pentru planificarea tehnic\u0103 de specialitate \u0219i suportul \u00een implementarea proiectelor de stocare a energiei verzi. Solicit\u0103 oferta FINAN\u021a\u0102RI DISPONIBILE PNRR, Investi\u021bia I.4 &#8211; Sprijinirea investi\u021biilor in dezvoltarea capacita\u021bilor de stocare a energiei electrice (baterii). &nbsp; Cu aceste fonduri pute\u021bi instala Sisteme de Stocare Energie Electrica [&hellip;]<\/p>\n","protected":false},"author":1,"featured_media":0,"parent":0,"menu_order":0,"comment_status":"closed","ping_status":"closed","template":"","meta":{"site-sidebar-layout":"no-sidebar","site-content-layout":"page-builder","ast-site-content-layout":"","site-content-style":"default","site-sidebar-style":"default","ast-global-header-display":"","ast-banner-title-visibility":"","ast-main-header-display":"","ast-hfb-above-header-display":"","ast-hfb-below-header-display":"","ast-hfb-mobile-header-display":"","site-post-title":"disabled","ast-breadcrumbs-content":"disabled","ast-featured-img":"disabled","footer-sml-layout":"","theme-transparent-header-meta":"enabled","adv-header-id-meta":"","stick-header-meta":"","header-above-stick-meta":"","header-main-stick-meta":"","header-below-stick-meta":"","astra-migrate-meta-layouts":"default","ast-page-background-enabled":"default","ast-page-background-meta":{"desktop":{"background-color":"","background-image":"","background-repeat":"repeat","background-position":"center center","background-size":"auto","background-attachment":"scroll","background-type":"","background-media":"","overlay-type":"","overlay-color":"","overlay-gradient":""},"tablet":{"background-color":"","background-image":"","background-repeat":"repeat","background-position":"center center","background-size":"auto","background-attachment":"scroll","background-type":"","background-media":"","overlay-type":"","overlay-color":"","overlay-gradient":""},"mobile":{"background-color":"","background-image":"","background-repeat":"repeat","background-position":"center center","background-size":"auto","background-attachment":"scroll","background-type":"","background-media":"","overlay-type":"","overlay-color":"","overlay-gradient":""}},"ast-content-background-meta":{"desktop":{"background-color":"var(--ast-global-color-5)","background-image":"","background-repeat":"repeat","background-position":"center center","background-size":"auto","background-attachment":"scroll","background-type":"","background-media":"","overlay-type":"","overlay-color":"","overlay-gradient":""},"tablet":{"background-color":"var(--ast-global-color-5)","background-image":"","background-repeat":"repeat","background-position":"center center","background-size":"auto","background-attachment":"scroll","background-type":"","background-media":"","overlay-type":"","overlay-color":"","overlay-gradient":""},"mobile":{"background-color":"var(--ast-global-color-5)","background-image":"","background-repeat":"repeat","background-position":"center center","background-size":"auto","background-attachment":"scroll","background-type":"","background-media":"","overlay-type":"","overlay-color":"","overlay-gradient":""}},"footnotes":""},"class_list":["post-1362","page","type-page","status-publish","hentry"],"_links":{"self":[{"href":"https:\/\/solutions.elsaco.com\/en\/wp-json\/wp\/v2\/pages\/1362","targetHints":{"allow":["GET"]}}],"collection":[{"href":"https:\/\/solutions.elsaco.com\/en\/wp-json\/wp\/v2\/pages"}],"about":[{"href":"https:\/\/solutions.elsaco.com\/en\/wp-json\/wp\/v2\/types\/page"}],"author":[{"embeddable":true,"href":"https:\/\/solutions.elsaco.com\/en\/wp-json\/wp\/v2\/users\/1"}],"replies":[{"embeddable":true,"href":"https:\/\/solutions.elsaco.com\/en\/wp-json\/wp\/v2\/comments?post=1362"}],"version-history":[{"count":7,"href":"https:\/\/solutions.elsaco.com\/en\/wp-json\/wp\/v2\/pages\/1362\/revisions"}],"predecessor-version":[{"id":1587,"href":"https:\/\/solutions.elsaco.com\/en\/wp-json\/wp\/v2\/pages\/1362\/revisions\/1587"}],"wp:attachment":[{"href":"https:\/\/solutions.elsaco.com\/en\/wp-json\/wp\/v2\/media?parent=1362"}],"curies":[{"name":"wp","href":"https:\/\/api.w.org\/{rel}","templated":true}]}}