{"id":1358,"date":"2024-04-14T18:29:20","date_gmt":"2024-04-14T15:29:20","guid":{"rendered":"https:\/\/solutions.elsaco.com\/?page_id=1358"},"modified":"2024-05-13T13:15:12","modified_gmt":"2024-05-13T10:15:12","slug":"informatii-finantari","status":"publish","type":"page","link":"https:\/\/solutions.elsaco.com\/en\/informatii-finantari\/","title":{"rendered":"financings"},"content":{"rendered":"\n\n\t<p><strong>Informa\u021bii despre Finan\u021b\u0103ri<\/strong><\/p>\n\t<p><strong>Elsaco Solutions<\/strong> &#8211; partenerul dvs. de \u00eencredere \u00een navigarea \u00een peisajul complex al oportunit\u0103\u021bilor de finan\u021bare ale UE pentru proiecte de energie verde. V\u0103 punem la dispozi\u021bie informa\u021bii despre finan\u021b\u0103rile pentru pe sistemele fotovoltaice (PV) pentru autoconsum, produc\u021bie \u0219i aplica\u021bii casnice, precum \u0219i pentru sistemele de stocare a energiei \u00een baterii (BESS).<\/p>\n\t\t\t<a href=\"\/solicita-oferta\" target=\"_blank\" role=\"button\" rel=\"noopener\">\n\t\t\t\t\t\tSolicit\u0103 oferta\n\t\t<\/a>\n\t<h2>\n\t\t\t\t\tLa Elsaco Solutions \u00een\u021belegem importan\u021ba asigur\u0103rii finan\u021b\u0103rii pentru a stimula inovarea \u0219i sustenabilitatea \u00een sectorul energetic.\n\t\t\t\t<\/h2>\n\t\t\t<p>De aceea, suntem specializa\u021bi \u00een colaborarea cu \u00eentreprinderile pentru a le facilita \u00eenscrierea \u00een proiectele de finan\u021bare ale UE, oferind un sprijin cuprinz\u0103tor de la \u00eenceput p\u00e2n\u0103 la sf\u00e2r\u0219it.<\/p>\n\t<h2>\n\t\t\t\t\tEchipa noastr\u0103 experimentat\u0103 colaboreaz\u0103 \u00eendeaproape cu firme de consultan\u021b\u0103 pentru a identifica oportunit\u0103\u021bile de finan\u021bare relevante ale UE \u0219i pentru a dezvolta strategii adaptate pentru a v\u0103 maximiza \u0219ansele de succes.\n\t\t\t\t<\/h2>\n\t\t\tDe la cercetarea \u0219i analiza granturilor disponibile p\u00e2n\u0103 la preg\u0103tirea unor propuneri de proiect conving\u0103toare, ne asigur\u0103m c\u0103 afacerea dvs. este bine pozi\u021bionat\u0103 pentru a accesa resurse de finan\u021bare vitale.\n\t<p>Pe l\u00e2ng\u0103 expertiza noastr\u0103 \u00een domeniul finan\u021b\u0103rii UE, oferim servicii complete de planificare tehnic\u0103, realizare Studii de Fezabilitate \u0219i de gestionare a proiectelor, special concepute pentru a \u00eendeplini cerin\u021bele cererilor de finan\u021bare UE. Indiferent dac\u0103 sunte\u021bi \u00een c\u0103utarea de finan\u021bare pentru instalarea unui sistem fotovoltaic, pentru un proiect de produc\u021bie de energie sau pentru implementarea sistemelor de stocare a energiei electrice \u00een baterii (BESS), v\u0103 oferim expertiza tehnic\u0103 \u0219i \u00eendrumarea necesar\u0103 pentru a ob\u021bine rezultate de succes.<\/p>\n\t<h2>\n\t\t\t\t\tConta\u021bi Elsaco Solutions \u0219i ob\u021bine\u021bi un avantaj competitiv \u00een asigurarea finan\u021b\u0103rii UE pentru ini\u021biativele dvs. \u00een domeniul energiei verzi. \n\t\t\t\t<\/h2>\n\t\t\t<p>L\u0103sa\u021bi-ne pe noi s\u0103 ne ocup\u0103m de complexitatea procesului de depunere a cererilor, \u00een timp ce dumneavoastr\u0103 v\u0103 concentra\u021bi pe stimularea inova\u021biei \u0219i pe atingerea obiectivelor dumneavoastr\u0103 de sustenabilitate. Contacta\u021bi-ne ast\u0103zi pentru a afla mai multe despre modul \u00een care v\u0103 putem sprijini \u00een c\u0103l\u0103toria dumneavoastr\u0103 c\u0103tre un viitor mai curat \u0219i mai verde.<\/p>\n\t<p><strong>Finan\u021b\u0103ri disponibile:<\/strong><\/p>\n<ul>\n<li>PNRR<\/li>\n<li>Fondul de Modernizare<\/li>\n<li>Electric UP 2<\/li>\n<li>Casa Verde 2024<\/li>\n<\/ul>\n\t\t\t<a href=\"https:\/\/files.elsaco.com\/solutions\/Finantari\/\" target=\"_blank\" role=\"button\" rel=\"noopener\">\n\t\t\t\t\t\tDescarc\u0103 Ghid\n\t\t<\/a>\n\t<p><strong>Fii primul care afl\u0103 nout\u0103\u021bile abon\u00e2ndu-te la newsletter-ul Elsaco Solutions!<\/strong><\/p>\n\t<div class=\"wpforms-container \" id=\"wpforms-455\"><form id=\"wpforms-form-455\" class=\"wpforms-validate wpforms-form\" data-formid=\"455\" method=\"post\" enctype=\"multipart\/form-data\" action=\"\/en\/wp-json\/wp\/v2\/pages\/1358\" data-token=\"17c6d9f4facdfa737a636629760f073d\" data-token-time=\"1778426416\"><noscript class=\"wpforms-error-noscript\">Please enable JavaScript in your browser to complete this form.<\/noscript><div class=\"wpforms-field-container\"><div id=\"wpforms-455-field_2-container\" class=\"wpforms-field wpforms-field-email\" data-field-id=\"2\"><label class=\"wpforms-field-label wpforms-label-hide\" for=\"wpforms-455-field_2\">Email <span class=\"wpforms-required-label\">*<\/span><\/label><input type=\"email\" id=\"wpforms-455-field_2\" class=\"wpforms-field-medium wpforms-field-required\" name=\"wpforms[fields][2]\" placeholder=\"Email\" spellcheck=\"false\" required><\/div><\/div><!-- .wpforms-field-container --><div class=\"wpforms-submit-container\" ><input type=\"hidden\" name=\"wpforms[id]\" value=\"455\"><input type=\"hidden\" name=\"page_title\" value=\"\"><input type=\"hidden\" name=\"page_url\" value=\"https:\/\/solutions.elsaco.com\/en\/wp-json\/wp\/v2\/pages\/1358\"><input type=\"hidden\" name=\"url_referer\" value=\"\"><button type=\"submit\" name=\"wpforms[submit]\" id=\"wpforms-submit-455\" class=\"wpforms-submit wpforms-one-thirds wpforms-third\" data-alt-text=\"Abonare...\" data-submit-text=\"Abonare!\" aria-live=\"assertive\" value=\"wpforms-submit\">Abonare!<\/button><\/div><\/form><\/div>  <!-- .wpforms-container -->\n\t<iframe src=\"https:\/\/www.google.com\/maps\/embed\/v1\/place?q=Boto%C8%99ani%2C+Pacea+41A%2C+710013&#038;key=AIzaSyD09zQ9PNDNNy9TadMuzRV_UsPUoWKntt8\" aria-hidden=\"true\"><\/iframe>\n\n","protected":false},"excerpt":{"rendered":"<p>Informa\u021bii despre Finan\u021b\u0103ri Elsaco Solutions &#8211; partenerul dvs. de \u00eencredere \u00een navigarea \u00een peisajul complex al oportunit\u0103\u021bilor de finan\u021bare ale UE pentru proiecte de energie verde. V\u0103 punem la dispozi\u021bie informa\u021bii despre finan\u021b\u0103rile pentru pe sistemele fotovoltaice (PV) pentru autoconsum, produc\u021bie \u0219i aplica\u021bii casnice, precum \u0219i pentru sistemele de stocare a energiei \u00een baterii (BESS). [&hellip;]<\/p>\n","protected":false},"author":1,"featured_media":0,"parent":0,"menu_order":0,"comment_status":"closed","ping_status":"closed","template":"","meta":{"site-sidebar-layout":"no-sidebar","site-content-layout":"page-builder","ast-site-content-layout":"","site-content-style":"default","site-sidebar-style":"default","ast-global-header-display":"","ast-banner-title-visibility":"","ast-main-header-display":"","ast-hfb-above-header-display":"","ast-hfb-below-header-display":"","ast-hfb-mobile-header-display":"","site-post-title":"disabled","ast-breadcrumbs-content":"disabled","ast-featured-img":"disabled","footer-sml-layout":"","theme-transparent-header-meta":"enabled","adv-header-id-meta":"","stick-header-meta":"","header-above-stick-meta":"","header-main-stick-meta":"","header-below-stick-meta":"","astra-migrate-meta-layouts":"default","ast-page-background-enabled":"default","ast-page-background-meta":{"desktop":{"background-color":"","background-image":"","background-repeat":"repeat","background-position":"center center","background-size":"auto","background-attachment":"scroll","background-type":"","background-media":"","overlay-type":"","overlay-color":"","overlay-gradient":""},"tablet":{"background-color":"","background-image":"","background-repeat":"repeat","background-position":"center center","background-size":"auto","background-attachment":"scroll","background-type":"","background-media":"","overlay-type":"","overlay-color":"","overlay-gradient":""},"mobile":{"background-color":"","background-image":"","background-repeat":"repeat","background-position":"center center","background-size":"auto","background-attachment":"scroll","background-type":"","background-media":"","overlay-type":"","overlay-color":"","overlay-gradient":""}},"ast-content-background-meta":{"desktop":{"background-color":"var(--ast-global-color-5)","background-image":"","background-repeat":"repeat","background-position":"center center","background-size":"auto","background-attachment":"scroll","background-type":"","background-media":"","overlay-type":"","overlay-color":"","overlay-gradient":""},"tablet":{"background-color":"var(--ast-global-color-5)","background-image":"","background-repeat":"repeat","background-position":"center center","background-size":"auto","background-attachment":"scroll","background-type":"","background-media":"","overlay-type":"","overlay-color":"","overlay-gradient":""},"mobile":{"background-color":"var(--ast-global-color-5)","background-image":"","background-repeat":"repeat","background-position":"center center","background-size":"auto","background-attachment":"scroll","background-type":"","background-media":"","overlay-type":"","overlay-color":"","overlay-gradient":""}},"footnotes":""},"class_list":["post-1358","page","type-page","status-publish","hentry"],"_links":{"self":[{"href":"https:\/\/solutions.elsaco.com\/en\/wp-json\/wp\/v2\/pages\/1358","targetHints":{"allow":["GET"]}}],"collection":[{"href":"https:\/\/solutions.elsaco.com\/en\/wp-json\/wp\/v2\/pages"}],"about":[{"href":"https:\/\/solutions.elsaco.com\/en\/wp-json\/wp\/v2\/types\/page"}],"author":[{"embeddable":true,"href":"https:\/\/solutions.elsaco.com\/en\/wp-json\/wp\/v2\/users\/1"}],"replies":[{"embeddable":true,"href":"https:\/\/solutions.elsaco.com\/en\/wp-json\/wp\/v2\/comments?post=1358"}],"version-history":[{"count":7,"href":"https:\/\/solutions.elsaco.com\/en\/wp-json\/wp\/v2\/pages\/1358\/revisions"}],"predecessor-version":[{"id":1508,"href":"https:\/\/solutions.elsaco.com\/en\/wp-json\/wp\/v2\/pages\/1358\/revisions\/1508"}],"wp:attachment":[{"href":"https:\/\/solutions.elsaco.com\/en\/wp-json\/wp\/v2\/media?parent=1358"}],"curies":[{"name":"wp","href":"https:\/\/api.w.org\/{rel}","templated":true}]}}