{"id":1336,"date":"2024-04-14T17:39:28","date_gmt":"2024-04-14T14:39:28","guid":{"rendered":"https:\/\/solutions.elsaco.com\/?page_id=1336"},"modified":"2026-04-24T19:22:28","modified_gmt":"2026-04-24T16:22:28","slug":"distributii-elsaco-solutions","status":"publish","type":"page","link":"https:\/\/solutions.elsaco.com\/en\/distributii-elsaco-solutions\/","title":{"rendered":"Distributions"},"content":{"rendered":"\n\n\t<p><strong>Distribu\u021bii<\/strong><\/p>\n\t<p><strong>Elsaco Solutions<\/strong> &#8211; partenerul dvs. de \u00eencredere pentru solu\u021bii tehnologice de ultim\u0103 genera\u021bie \u00een domeniul energiei regenerabile, al securit\u0103\u021bii \u0219i al electronicii.<\/p>\n\t\t\t<a href=\"\/solicita-oferta\" target=\"_blank\" rel=\"noopener\"class=\"uabb-button uabb-creative-button uabb-creative-default-btn   \"  role=\"button\">\n\t\t\t\t\t\tSolicit\u0103 oferta\n\t\t<\/a>\n\t\t\t<h2>\n\t\t\t\t\tSuntem distribuitorul autorizat \u00een Rom\u00e2nia pentru urm\u0103torii producatori consacra\u021bi: Jinko Solar, Adaptive Recognition, SEM Transformator.\n\t\t\t\t<\/h2>\n\t\t\tDe asemenea, v\u0103 putem pune la dispozi\u021bie gama Elsaco Pritom de tablete inteligente \u0219i transformatoarele electrice, v\u0103 aducem produse de calitate superioar\u0103 pentru a v\u0103 satisface diversele nevoi.\n\t\t\t<h2>\n\t\t\t\t\tElsaco Solutions  consolideaz\u0103 parteneriatul strategic cu Jinko Solar, un gigant global \u00een tehnologia solar\u0103. \n\t\t\t\t<\/h2>\n\t\t\tElsaco Solutions este unul din cei trei unici distribuitori autoriza\u021bi Jinko Solar \u00een Rom\u00e2nia! Cu panourile Jinko Solar, valorifica\u021bi puterea soarelui pentru a genera energie curat\u0103 \u0219i regenerabil\u0103 pentru casa sau afacerea dumneavoastr\u0103. Gama noastr\u0103 de panouri de \u00eenalt\u0103 performan\u021b\u0103 ofer\u0103 eficien\u021b\u0103 \u0219i durabilitate excep\u021bionale, asigur\u00e2nd o produc\u021bie maxim\u0103 de energie \u0219i fiabilitate pe termen lung.\n\t\t\t\t<img loading=\"lazy\" decoding=\"async\" src=\"https:\/\/solutions.elsaco.com\/wp-content\/uploads\/2024\/04\/jinko.png\" alt=\"jinko\" itemprop=\"image\" height=\"398\" width=\"1191\" title=\"jinko\" onerror=\"this.style.display='none'\"  \/>\n\t\t\t\t<img loading=\"lazy\" decoding=\"async\" src=\"https:\/\/solutions.elsaco.com\/wp-content\/uploads\/2024\/04\/P200-002.jpg\" alt=\"P200 002\" itemprop=\"image\" height=\"1000\" width=\"1000\" title=\"P200 002\" onerror=\"this.style.display='none'\"  \/>\n\t\t\t<h2>\n\t\t\t\t\tR\u0103m\u00e2ne\u021bi conecta\u021bi \u0219i productivi cu gama noastr\u0103 de tablete inteligente, cu performan\u021be puternice, design elegant \u0219i func\u021bionalitate versatil\u0103. \n\t\t\t\t<\/h2>\n\t\t\tFie c\u0103 lucra\u021bi \u00een deplasare sau v\u0103 bucura\u021bi de divertisment multimedia, tabletele noastre ofer\u0103 o experien\u021b\u0103 de utilizare excep\u021bional\u0103 care v\u0103 men\u021bine conectat \u0219i productiv oriunde v-a\u021bi afla.\n\t<p><strong>Alimenta\u021bi-v\u0103 infrastructura electric\u0103 cu selec\u021bia noastr\u0103 de transformatoare electrice de \u00eenalt\u0103 calitate, concepute pentru eficien\u021b\u0103, fiabilitate \u0219i siguran\u021b\u0103.<\/strong> De la transformatoare de ridicare a tensiunii pentru proiecte de energie regenerabil\u0103 la transformatoare de distribu\u021bie pentru aplica\u021bii industriale, oferim solu\u021bii care s\u0103 r\u0103spund\u0103 cerin\u021belor dvs. specifice.<\/p>\n\t\t\t<h2>\n\t\t\t\t\tLa Elsaco Solutions, ne angaj\u0103m s\u0103 furniz\u0103m cele mai bune produse din clas\u0103 \u0219i servicii excep\u021bionale pentru clien\u021bii no\u0219tri. Asocia\u021bi-v\u0103 cu noi ast\u0103zi pentru a avea acces la cele mai recente solu\u021bii tehnologice \u0219i pentru a v\u0103 duce afacerea pe noi culmi.\n\t\t\t\t<\/h2>\n\t<p><strong>Fii primul care afl\u0103 nout\u0103\u021bile abon\u00e2ndu-te la newsletter-ul Elsaco Solutions!<\/strong><\/p>\n\t<div class=\"wpforms-container \" id=\"wpforms-455\"><form id=\"wpforms-form-455\" class=\"wpforms-validate wpforms-form\" data-formid=\"455\" method=\"post\" enctype=\"multipart\/form-data\" action=\"\/en\/wp-json\/wp\/v2\/pages\/1336\" data-token=\"5424a2e9a9d373d92c0cbf6148273d12\" data-token-time=\"1778164290\"><noscript class=\"wpforms-error-noscript\">Please enable JavaScript in your browser to complete this form.<\/noscript><div class=\"wpforms-field-container\"><div id=\"wpforms-455-field_2-container\" class=\"wpforms-field wpforms-field-email\" data-field-id=\"2\"><label class=\"wpforms-field-label wpforms-label-hide\" for=\"wpforms-455-field_2\">Email <span class=\"wpforms-required-label\">*<\/span><\/label><input type=\"email\" id=\"wpforms-455-field_2\" class=\"wpforms-field-medium wpforms-field-required\" name=\"wpforms[fields][2]\" placeholder=\"Email\" spellcheck=\"false\" required><\/div><\/div><!-- .wpforms-field-container --><div class=\"wpforms-submit-container\" ><input type=\"hidden\" name=\"wpforms[id]\" value=\"455\"><input type=\"hidden\" name=\"page_title\" value=\"\"><input type=\"hidden\" name=\"page_url\" value=\"https:\/\/solutions.elsaco.com\/en\/wp-json\/wp\/v2\/pages\/1336\"><input type=\"hidden\" name=\"url_referer\" value=\"\"><button type=\"submit\" name=\"wpforms[submit]\" id=\"wpforms-submit-455\" class=\"wpforms-submit wpforms-one-thirds wpforms-third\" data-alt-text=\"Abonare...\" data-submit-text=\"Abonare!\" aria-live=\"assertive\" value=\"wpforms-submit\">Abonare!<\/button><\/div><\/form><\/div>  <!-- .wpforms-container -->\n\t<iframe src=\"https:\/\/www.google.com\/maps\/embed\/v1\/place?q=Boto%C8%99ani%2C+Pacea+41A%2C+710013&#038;key=AIzaSyD09zQ9PNDNNy9TadMuzRV_UsPUoWKntt8\" aria-hidden=\"true\"><\/iframe>\n\n","protected":false},"excerpt":{"rendered":"<p>Distribu\u021bii Elsaco Solutions &#8211; partenerul dvs. de \u00eencredere pentru solu\u021bii tehnologice de ultim\u0103 genera\u021bie \u00een domeniul energiei regenerabile, al securit\u0103\u021bii \u0219i al electronicii. Solicit\u0103 oferta Suntem distribuitorul autorizat \u00een Rom\u00e2nia pentru urm\u0103torii producatori consacra\u021bi: Jinko Solar, Adaptive Recognition, SEM Transformator. De asemenea, v\u0103 putem pune la dispozi\u021bie gama Elsaco Pritom de tablete inteligente \u0219i transformatoarele [&hellip;]<\/p>\n","protected":false},"author":1,"featured_media":0,"parent":0,"menu_order":0,"comment_status":"closed","ping_status":"closed","template":"","meta":{"site-sidebar-layout":"no-sidebar","site-content-layout":"page-builder","ast-site-content-layout":"","site-content-style":"default","site-sidebar-style":"default","ast-global-header-display":"","ast-banner-title-visibility":"","ast-main-header-display":"","ast-hfb-above-header-display":"","ast-hfb-below-header-display":"","ast-hfb-mobile-header-display":"","site-post-title":"disabled","ast-breadcrumbs-content":"disabled","ast-featured-img":"disabled","footer-sml-layout":"","theme-transparent-header-meta":"enabled","adv-header-id-meta":"","stick-header-meta":"","header-above-stick-meta":"","header-main-stick-meta":"","header-below-stick-meta":"","astra-migrate-meta-layouts":"default","ast-page-background-enabled":"default","ast-page-background-meta":{"desktop":{"background-color":"","background-image":"","background-repeat":"repeat","background-position":"center center","background-size":"auto","background-attachment":"scroll","background-type":"","background-media":"","overlay-type":"","overlay-color":"","overlay-gradient":""},"tablet":{"background-color":"","background-image":"","background-repeat":"repeat","background-position":"center center","background-size":"auto","background-attachment":"scroll","background-type":"","background-media":"","overlay-type":"","overlay-color":"","overlay-gradient":""},"mobile":{"background-color":"","background-image":"","background-repeat":"repeat","background-position":"center center","background-size":"auto","background-attachment":"scroll","background-type":"","background-media":"","overlay-type":"","overlay-color":"","overlay-gradient":""}},"ast-content-background-meta":{"desktop":{"background-color":"var(--ast-global-color-5)","background-image":"","background-repeat":"repeat","background-position":"center center","background-size":"auto","background-attachment":"scroll","background-type":"","background-media":"","overlay-type":"","overlay-color":"","overlay-gradient":""},"tablet":{"background-color":"var(--ast-global-color-5)","background-image":"","background-repeat":"repeat","background-position":"center center","background-size":"auto","background-attachment":"scroll","background-type":"","background-media":"","overlay-type":"","overlay-color":"","overlay-gradient":""},"mobile":{"background-color":"var(--ast-global-color-5)","background-image":"","background-repeat":"repeat","background-position":"center center","background-size":"auto","background-attachment":"scroll","background-type":"","background-media":"","overlay-type":"","overlay-color":"","overlay-gradient":""}},"footnotes":""},"class_list":["post-1336","page","type-page","status-publish","hentry"],"_links":{"self":[{"href":"https:\/\/solutions.elsaco.com\/en\/wp-json\/wp\/v2\/pages\/1336","targetHints":{"allow":["GET"]}}],"collection":[{"href":"https:\/\/solutions.elsaco.com\/en\/wp-json\/wp\/v2\/pages"}],"about":[{"href":"https:\/\/solutions.elsaco.com\/en\/wp-json\/wp\/v2\/types\/page"}],"author":[{"embeddable":true,"href":"https:\/\/solutions.elsaco.com\/en\/wp-json\/wp\/v2\/users\/1"}],"replies":[{"embeddable":true,"href":"https:\/\/solutions.elsaco.com\/en\/wp-json\/wp\/v2\/comments?post=1336"}],"version-history":[{"count":6,"href":"https:\/\/solutions.elsaco.com\/en\/wp-json\/wp\/v2\/pages\/1336\/revisions"}],"predecessor-version":[{"id":1590,"href":"https:\/\/solutions.elsaco.com\/en\/wp-json\/wp\/v2\/pages\/1336\/revisions\/1590"}],"wp:attachment":[{"href":"https:\/\/solutions.elsaco.com\/en\/wp-json\/wp\/v2\/media?parent=1336"}],"curies":[{"name":"wp","href":"https:\/\/api.w.org\/{rel}","templated":true}]}}