{"id":1333,"date":"2024-04-14T17:17:45","date_gmt":"2024-04-14T14:17:45","guid":{"rendered":"https:\/\/solutions.elsaco.com\/?page_id=1333"},"modified":"2024-04-17T13:33:31","modified_gmt":"2024-04-17T10:33:31","slug":"stocare-energie","status":"publish","type":"page","link":"https:\/\/solutions.elsaco.com\/en\/stocare-energie\/","title":{"rendered":"Energy storage"},"content":{"rendered":"\n\n\t<p><strong>Stocare Energie<\/strong><\/p>\n\t<p>Echipa <strong>Elsaco Solutions<\/strong> este specializat\u0103 \u00een furnizarea de solu\u021bii de stocare a energiei solare de ultim\u0103 genera\u021bie care permit \u00eentreprinderilor \u0219i proprietarilor de locuin\u021be s\u0103 maximizeze beneficiile energiei solare. Prin integrarea bateriilor de \u00eenalt\u0103 calitate de la Jinko Solar \u0219i Huawei, furniz\u0103m solu\u021bii de stocare a energiei fiabile, eficiente \u0219i durabile, adaptate la nevoile dvs. specifice.<\/p>\n\t\t\t<a href=\"\/solicita-oferta\" target=\"_blank\" role=\"button\" rel=\"noopener\">\n\t\t\t\t\t\tSolicit\u0103 oferta\n\t\t<\/a>\n\t<h2>\n\t\t\t\t\tElsaco Solutions &#8211;  partenerul dvs. de \u00eencredere \u00een ceea ce prive\u0219te solu\u021biile de stocare a bateriilor de energie solar\u0103, alimentate de furnizorii de top din industrie &#8211;  Jinko Solar \u0219i Huawei.\n\t\t\t\t<\/h2>\n\t<h2>\n\t\t\t\t\tStocarea energiei solare ofer\u0103 o multitudine de avantaje, printre care:\n\t\t\t\t<\/h2>\n\t<p><strong>Independen\u021ba energetic\u0103<\/strong><\/p>\n\t<p>Cu ajutorul stoc\u0103rii energiei solare, pute\u021bi stoca excesul de energie generat \u00een timpul zilei pentru a fi utilizat \u00een perioadele cu lumin\u0103 solar\u0103 sc\u0103zut\u0103 sau cu cerere mare de energie. Acest lucru reduce dependen\u021ba dvs. de re\u021bea \u0219i v\u0103 ofer\u0103 o mai mare independen\u021b\u0103 energetic\u0103.<\/p>\n\t<p><strong>Economii de costuri:<\/strong><\/p>\n\t<p>Prin stocarea energiei solare \u0219i utilizarea acesteia \u00een perioadele de cerere maxim\u0103 sau atunci c\u00e2nd pre\u021burile la electricitate sunt ridicate, v\u0103 pute\u021bi reduce semnificativ facturile de energie \u0219i v\u0103 pute\u021bi maximiza rentabilitatea investi\u021biei \u00een panouri solare.<\/p>\n\t<p><strong>Rezilien\u021ba re\u021belei:<\/strong><\/p>\n\t<p>\u00centreprinderile echipate cu sisteme fotovoltaice au, de obicei, o valoare de rev\u00e2nzare mai mare. Poten\u021bialii cump\u0103r\u0103tori sunt atra\u0219i de propriet\u0103\u021bile cu facturi mai mici la utilit\u0103\u021bi, a\u0219adar investi\u021bia dumneavoastr\u0103 \u00een energie solar\u0103 este un plus pentru ace\u0219tia.<\/p>\n\t<p><strong>Maturitatea tehnologiilor<\/strong><\/p>\n\t<p>Sistemele de stocare a energiei solare ofer\u0103 energie de rezerv\u0103 \u00een timpul \u00eentreruperilor de re\u021bea, asigur\u00e2ndu-se c\u0103 locuin\u021ba sau afacerea dvs. r\u0103m\u00e2ne alimentat\u0103 chiar \u0219i atunci c\u00e2nd re\u021beaua se \u00eentrerupe. Acest lucru spore\u0219te rezisten\u021ba re\u021belei \u0219i reduce impactul \u00eentreruperilor de energie electric\u0103.<\/p>\n\t<p><strong>Beneficii pentru mediu:<\/strong><\/p>\n\t<p>Stocarea energiei solare ajut\u0103 la reducerea emisiilor de gaze cu efect de ser\u0103, permi\u021b\u00e2nd o mai mare utilizare a energiei curate \u0219i regenerabile. Prin stocarea energiei solare \u0219i utilizarea acesteia atunci c\u00e2nd este necesar, pute\u021bi minimiza dependen\u021ba de combustibilii fosili \u0219i contribui\u021bi la o planet\u0103 mai curat\u0103 \u0219i mai ecologic\u0103.<\/p>\n\t<h2>\n\t\t\t\t\tLa Elsaco Solutions ne angaj\u0103m s\u0103 furniz\u0103m solu\u021bii inovatoare de stocare a energiei solare care s\u0103 v\u0103 satisfac\u0103 nevoile energetice, reduc\u00e2nd \u00een acela\u0219i timp costurile \u0219i impactul asupra mediului.\n\t\t\t\t<\/h2>\n\t\t\t<a href=\"\/solicita-oferta\" target=\"_blank\" role=\"button\" rel=\"noopener\">\n\t\t\t\t\t\tSolicit\u0103 oferta\n\t\t<\/a>\n\t<p><strong>Fii primul care afl\u0103 nout\u0103\u021bile abon\u00e2ndu-te la newsletter-ul Elsaco Solutions!<\/strong><\/p>\n\t<div class=\"wpforms-container \" id=\"wpforms-455\"><form id=\"wpforms-form-455\" class=\"wpforms-validate wpforms-form\" data-formid=\"455\" method=\"post\" enctype=\"multipart\/form-data\" action=\"\/en\/wp-json\/wp\/v2\/pages\/1333\" data-token=\"ea57c73f5a2528688b0577cff5653148\" data-token-time=\"1777217788\"><noscript class=\"wpforms-error-noscript\">Please enable JavaScript in your browser to complete this form.<\/noscript><div class=\"wpforms-field-container\"><div id=\"wpforms-455-field_2-container\" class=\"wpforms-field wpforms-field-email\" data-field-id=\"2\"><label class=\"wpforms-field-label wpforms-label-hide\" for=\"wpforms-455-field_2\">Email <span class=\"wpforms-required-label\">*<\/span><\/label><input type=\"email\" id=\"wpforms-455-field_2\" class=\"wpforms-field-medium wpforms-field-required\" name=\"wpforms[fields][2]\" placeholder=\"Email\" spellcheck=\"false\" required><\/div><\/div><!-- .wpforms-field-container --><div class=\"wpforms-submit-container\" ><input type=\"hidden\" name=\"wpforms[id]\" value=\"455\"><input type=\"hidden\" name=\"page_title\" value=\"\"><input type=\"hidden\" name=\"page_url\" value=\"https:\/\/solutions.elsaco.com\/en\/wp-json\/wp\/v2\/pages\/1333\"><input type=\"hidden\" name=\"url_referer\" value=\"\"><button type=\"submit\" name=\"wpforms[submit]\" id=\"wpforms-submit-455\" class=\"wpforms-submit wpforms-one-thirds wpforms-third\" data-alt-text=\"Abonare...\" data-submit-text=\"Abonare!\" aria-live=\"assertive\" value=\"wpforms-submit\">Abonare!<\/button><\/div><\/form><\/div>  <!-- .wpforms-container -->\n\t<iframe src=\"https:\/\/www.google.com\/maps\/embed\/v1\/place?q=Boto%C8%99ani%2C+Pacea+41A%2C+710013&#038;key=AIzaSyD09zQ9PNDNNy9TadMuzRV_UsPUoWKntt8\" aria-hidden=\"true\"><\/iframe>\n\n","protected":false},"excerpt":{"rendered":"<p>Stocare Energie Echipa Elsaco Solutions este specializat\u0103 \u00een furnizarea de solu\u021bii de stocare a energiei solare de ultim\u0103 genera\u021bie care permit \u00eentreprinderilor \u0219i proprietarilor de locuin\u021be s\u0103 maximizeze beneficiile energiei solare. Prin integrarea bateriilor de \u00eenalt\u0103 calitate de la Jinko Solar \u0219i Huawei, furniz\u0103m solu\u021bii de stocare a energiei fiabile, eficiente \u0219i durabile, adaptate la [&hellip;]<\/p>\n","protected":false},"author":1,"featured_media":0,"parent":0,"menu_order":0,"comment_status":"closed","ping_status":"closed","template":"","meta":{"site-sidebar-layout":"no-sidebar","site-content-layout":"page-builder","ast-site-content-layout":"","site-content-style":"default","site-sidebar-style":"default","ast-global-header-display":"","ast-banner-title-visibility":"","ast-main-header-display":"","ast-hfb-above-header-display":"","ast-hfb-below-header-display":"","ast-hfb-mobile-header-display":"","site-post-title":"disabled","ast-breadcrumbs-content":"disabled","ast-featured-img":"disabled","footer-sml-layout":"","theme-transparent-header-meta":"enabled","adv-header-id-meta":"","stick-header-meta":"","header-above-stick-meta":"","header-main-stick-meta":"","header-below-stick-meta":"","astra-migrate-meta-layouts":"default","ast-page-background-enabled":"default","ast-page-background-meta":{"desktop":{"background-color":"","background-image":"","background-repeat":"repeat","background-position":"center center","background-size":"auto","background-attachment":"scroll","background-type":"","background-media":"","overlay-type":"","overlay-color":"","overlay-gradient":""},"tablet":{"background-color":"","background-image":"","background-repeat":"repeat","background-position":"center center","background-size":"auto","background-attachment":"scroll","background-type":"","background-media":"","overlay-type":"","overlay-color":"","overlay-gradient":""},"mobile":{"background-color":"","background-image":"","background-repeat":"repeat","background-position":"center center","background-size":"auto","background-attachment":"scroll","background-type":"","background-media":"","overlay-type":"","overlay-color":"","overlay-gradient":""}},"ast-content-background-meta":{"desktop":{"background-color":"var(--ast-global-color-5)","background-image":"","background-repeat":"repeat","background-position":"center center","background-size":"auto","background-attachment":"scroll","background-type":"","background-media":"","overlay-type":"","overlay-color":"","overlay-gradient":""},"tablet":{"background-color":"var(--ast-global-color-5)","background-image":"","background-repeat":"repeat","background-position":"center center","background-size":"auto","background-attachment":"scroll","background-type":"","background-media":"","overlay-type":"","overlay-color":"","overlay-gradient":""},"mobile":{"background-color":"var(--ast-global-color-5)","background-image":"","background-repeat":"repeat","background-position":"center center","background-size":"auto","background-attachment":"scroll","background-type":"","background-media":"","overlay-type":"","overlay-color":"","overlay-gradient":""}},"footnotes":""},"class_list":["post-1333","page","type-page","status-publish","hentry"],"_links":{"self":[{"href":"https:\/\/solutions.elsaco.com\/en\/wp-json\/wp\/v2\/pages\/1333","targetHints":{"allow":["GET"]}}],"collection":[{"href":"https:\/\/solutions.elsaco.com\/en\/wp-json\/wp\/v2\/pages"}],"about":[{"href":"https:\/\/solutions.elsaco.com\/en\/wp-json\/wp\/v2\/types\/page"}],"author":[{"embeddable":true,"href":"https:\/\/solutions.elsaco.com\/en\/wp-json\/wp\/v2\/users\/1"}],"replies":[{"embeddable":true,"href":"https:\/\/solutions.elsaco.com\/en\/wp-json\/wp\/v2\/comments?post=1333"}],"version-history":[{"count":6,"href":"https:\/\/solutions.elsaco.com\/en\/wp-json\/wp\/v2\/pages\/1333\/revisions"}],"predecessor-version":[{"id":1469,"href":"https:\/\/solutions.elsaco.com\/en\/wp-json\/wp\/v2\/pages\/1333\/revisions\/1469"}],"wp:attachment":[{"href":"https:\/\/solutions.elsaco.com\/en\/wp-json\/wp\/v2\/media?parent=1333"}],"curies":[{"name":"wp","href":"https:\/\/api.w.org\/{rel}","templated":true}]}}