{"id":1316,"date":"2024-04-14T16:33:25","date_gmt":"2024-04-14T13:33:25","guid":{"rendered":"https:\/\/solutions.elsaco.com\/?page_id=1316"},"modified":"2024-04-17T13:32:03","modified_gmt":"2024-04-17T10:32:03","slug":"mentenanta-sisteme-fotovoltaice","status":"publish","type":"page","link":"https:\/\/solutions.elsaco.com\/en\/mentenanta-sisteme-fotovoltaice\/","title":{"rendered":"Maintenance"},"content":{"rendered":"\n\n\t<p><strong>Mentenan\u021b\u0103 a Sistemelor Fotovoltaice<\/strong><\/p>\n\t<p><strong>Elsaco Solutions<\/strong> &#8211; \u00a0partenerul dvs. de \u00eencredere pentru servicii complete de mentenan\u021b\u0103 a sistemelor fotovoltaice (PV).<\/p>\n\t\t\t<a href=\"\/solicita-oferta\" target=\"_blank\" role=\"button\" rel=\"noopener\">\n\t\t\t\t\t\tSolicit\u0103 oferta\n\t\t<\/a>\n\t<p>Noi \u00een\u021belegem importan\u021ba asigur\u0103rii unei performan\u021be optime \u0219i a longevit\u0103\u021bii investi\u021biilor dvs. \u00een energie solar\u0103, \u00een energie verde. Indiferent dac\u0103 noi am instalat sistemul dvs. fotovoltaic sau dac\u0103 acesta a fost pus \u00een func\u021biune de un alt furnizor, echipa noastr\u0103 experimentat\u0103 este echipat\u0103 pentru a v\u0103 oferi servicii de \u00eentre\u021binere de top pentru a v\u0103 men\u021bine sistemul func\u021bion\u00e2nd la eficien\u021b\u0103 maxim\u0103. Experien\u021ba noastr\u0103 de peste 5 ani \u00een implementarea proiectelor fotovoltaice \u0219i cei peste 1000 de clien\u021bi garanteaz\u0103 faptul c\u0103 echipa noastr\u0103 de mentenan\u021b\u0103 este capabil\u0103 s\u0103 anticipeze orice problem\u0103 ar putea ap\u0103rea cu sistemul dvs. \u0219i s\u0103 o rezolve c\u00e2t mai rapid \u0219i eficient.<\/p>\n\t\t\t\t<img loading=\"lazy\" decoding=\"async\" src=\"https:\/\/solutions.elsaco.com\/wp-content\/uploads\/2024\/04\/Grafica_Inginer_2022_color.png\" alt=\"Grafica_Inginer_2022_color\" itemprop=\"image\" height=\"4928\" width=\"5316\" title=\"Grafica_Inginer_2022_color\" onerror=\"this.style.display='none'\"  \/>\n\t<p>Pachetele noastre de \u00eentre\u021binere sunt concepute pentru a r\u0103spunde nevoilor unice ale sistemului dvs. fotovoltaic. V\u0103 oferim toate serviciile de la inspec\u021bii de rutin\u0103 \u0219i cur\u0103\u021bare p\u00e2n\u0103 la depanare \u0219i repara\u021bii. Cu o \u00eentre\u021binere regulat\u0103 pute\u021bi preveni eventualele probleme, pute\u021bi maximiza produc\u021bia de energie \u0219i pute\u021bi prelungi durata de via\u021b\u0103 a panourilor solare \u0219i a echipamentelor dvs.<\/p>\n\t<p>\u00cen calitate de furnizor de top \u00een industrie, Elsaco Solutions v\u0103 ofer\u0103 planuri de \u00eentre\u021binere flexibile, adaptate pentru a se potrivi cerin\u021belor dvs. specifice \u0219i bugetului dvs. Indiferent dac\u0103 sunte\u021bi o entitate comercial\u0103, un proprietar de locuin\u021b\u0103 sau un operator de sistem solar de mari dimensiuni, v\u0103 pute\u021bi baza pe noi pentru ca sistemul dvs. fotovoltaic s\u0103 func\u021bioneze f\u0103r\u0103 probleme.<\/p>\n\t<p>Nu l\u0103sa\u021bi grijile de \u00eentre\u021binere s\u0103 umbreasc\u0103 beneficiile energiei solare.<\/p>\n<p>Ave\u021bi \u00eencredere \u00een exper\u021bii <strong>Elsaco Solutions<\/strong>\u00a0 pentru ca sistemul dvs. fotovoltaic s\u0103 func\u021bioneze \u00een mod optim \u00een anii urm\u0103tori. Contacta\u021bi-ne ast\u0103zi pentru a afla mai multe despre serviciile noastre de \u00eentre\u021binere \u0219i pentru a programa o consulta\u021bie.<\/p>\n\t\t\t<a href=\"\/solicita-oferta\" target=\"_blank\" role=\"button\" rel=\"noopener\">\n\t\t\t\t\t\tSolicit\u0103 ofert\u0103 &#038; detalii\n\t\t<\/a>\n\t<p><strong>Fii primul care afl\u0103 nout\u0103\u021bile abon\u00e2ndu-te la newsletter-ul Elsaco Solutions!<\/strong><\/p>\n\t<div class=\"wpforms-container \" id=\"wpforms-455\"><form id=\"wpforms-form-455\" class=\"wpforms-validate wpforms-form\" data-formid=\"455\" method=\"post\" enctype=\"multipart\/form-data\" action=\"\/en\/wp-json\/wp\/v2\/pages\/1316\" data-token=\"17c6d9f4facdfa737a636629760f073d\" data-token-time=\"1778426441\"><noscript class=\"wpforms-error-noscript\">Please enable JavaScript in your browser to complete this form.<\/noscript><div class=\"wpforms-field-container\"><div id=\"wpforms-455-field_2-container\" class=\"wpforms-field wpforms-field-email\" data-field-id=\"2\"><label class=\"wpforms-field-label wpforms-label-hide\" for=\"wpforms-455-field_2\">Email <span class=\"wpforms-required-label\">*<\/span><\/label><input type=\"email\" id=\"wpforms-455-field_2\" class=\"wpforms-field-medium wpforms-field-required\" name=\"wpforms[fields][2]\" placeholder=\"Email\" spellcheck=\"false\" required><\/div><\/div><!-- .wpforms-field-container --><div class=\"wpforms-submit-container\" ><input type=\"hidden\" name=\"wpforms[id]\" value=\"455\"><input type=\"hidden\" name=\"page_title\" value=\"\"><input type=\"hidden\" name=\"page_url\" value=\"https:\/\/solutions.elsaco.com\/en\/wp-json\/wp\/v2\/pages\/1316\"><input type=\"hidden\" name=\"url_referer\" value=\"\"><button type=\"submit\" name=\"wpforms[submit]\" id=\"wpforms-submit-455\" class=\"wpforms-submit wpforms-one-thirds wpforms-third\" data-alt-text=\"Abonare...\" data-submit-text=\"Abonare!\" aria-live=\"assertive\" value=\"wpforms-submit\">Abonare!<\/button><\/div><\/form><\/div>  <!-- .wpforms-container -->\n\t<iframe src=\"https:\/\/www.google.com\/maps\/embed\/v1\/place?q=Boto%C8%99ani%2C+Pacea+41A%2C+710013&#038;key=AIzaSyD09zQ9PNDNNy9TadMuzRV_UsPUoWKntt8\" aria-hidden=\"true\"><\/iframe>\n\n","protected":false},"excerpt":{"rendered":"<p>Mentenan\u021b\u0103 a Sistemelor Fotovoltaice Elsaco Solutions &#8211; \u00a0partenerul dvs. de \u00eencredere pentru servicii complete de mentenan\u021b\u0103 a sistemelor fotovoltaice (PV). Solicit\u0103 oferta Noi \u00een\u021belegem importan\u021ba asigur\u0103rii unei performan\u021be optime \u0219i a longevit\u0103\u021bii investi\u021biilor dvs. \u00een energie solar\u0103, \u00een energie verde. Indiferent dac\u0103 noi am instalat sistemul dvs. fotovoltaic sau dac\u0103 acesta a fost pus \u00een [&hellip;]<\/p>\n","protected":false},"author":1,"featured_media":0,"parent":0,"menu_order":0,"comment_status":"closed","ping_status":"closed","template":"","meta":{"site-sidebar-layout":"no-sidebar","site-content-layout":"page-builder","ast-site-content-layout":"","site-content-style":"default","site-sidebar-style":"default","ast-global-header-display":"","ast-banner-title-visibility":"","ast-main-header-display":"","ast-hfb-above-header-display":"","ast-hfb-below-header-display":"","ast-hfb-mobile-header-display":"","site-post-title":"disabled","ast-breadcrumbs-content":"disabled","ast-featured-img":"disabled","footer-sml-layout":"","theme-transparent-header-meta":"enabled","adv-header-id-meta":"","stick-header-meta":"","header-above-stick-meta":"","header-main-stick-meta":"","header-below-stick-meta":"","astra-migrate-meta-layouts":"default","ast-page-background-enabled":"default","ast-page-background-meta":{"desktop":{"background-color":"","background-image":"","background-repeat":"repeat","background-position":"center center","background-size":"auto","background-attachment":"scroll","background-type":"","background-media":"","overlay-type":"","overlay-color":"","overlay-gradient":""},"tablet":{"background-color":"","background-image":"","background-repeat":"repeat","background-position":"center center","background-size":"auto","background-attachment":"scroll","background-type":"","background-media":"","overlay-type":"","overlay-color":"","overlay-gradient":""},"mobile":{"background-color":"","background-image":"","background-repeat":"repeat","background-position":"center center","background-size":"auto","background-attachment":"scroll","background-type":"","background-media":"","overlay-type":"","overlay-color":"","overlay-gradient":""}},"ast-content-background-meta":{"desktop":{"background-color":"var(--ast-global-color-5)","background-image":"","background-repeat":"repeat","background-position":"center center","background-size":"auto","background-attachment":"scroll","background-type":"","background-media":"","overlay-type":"","overlay-color":"","overlay-gradient":""},"tablet":{"background-color":"var(--ast-global-color-5)","background-image":"","background-repeat":"repeat","background-position":"center center","background-size":"auto","background-attachment":"scroll","background-type":"","background-media":"","overlay-type":"","overlay-color":"","overlay-gradient":""},"mobile":{"background-color":"var(--ast-global-color-5)","background-image":"","background-repeat":"repeat","background-position":"center center","background-size":"auto","background-attachment":"scroll","background-type":"","background-media":"","overlay-type":"","overlay-color":"","overlay-gradient":""}},"footnotes":""},"class_list":["post-1316","page","type-page","status-publish","hentry"],"_links":{"self":[{"href":"https:\/\/solutions.elsaco.com\/en\/wp-json\/wp\/v2\/pages\/1316","targetHints":{"allow":["GET"]}}],"collection":[{"href":"https:\/\/solutions.elsaco.com\/en\/wp-json\/wp\/v2\/pages"}],"about":[{"href":"https:\/\/solutions.elsaco.com\/en\/wp-json\/wp\/v2\/types\/page"}],"author":[{"embeddable":true,"href":"https:\/\/solutions.elsaco.com\/en\/wp-json\/wp\/v2\/users\/1"}],"replies":[{"embeddable":true,"href":"https:\/\/solutions.elsaco.com\/en\/wp-json\/wp\/v2\/comments?post=1316"}],"version-history":[{"count":6,"href":"https:\/\/solutions.elsaco.com\/en\/wp-json\/wp\/v2\/pages\/1316\/revisions"}],"predecessor-version":[{"id":1468,"href":"https:\/\/solutions.elsaco.com\/en\/wp-json\/wp\/v2\/pages\/1316\/revisions\/1468"}],"wp:attachment":[{"href":"https:\/\/solutions.elsaco.com\/en\/wp-json\/wp\/v2\/media?parent=1316"}],"curies":[{"name":"wp","href":"https:\/\/api.w.org\/{rel}","templated":true}]}}