{"id":1309,"date":"2024-04-14T16:20:56","date_gmt":"2024-04-14T13:20:56","guid":{"rendered":"https:\/\/solutions.elsaco.com\/?page_id=1309"},"modified":"2024-04-17T13:30:02","modified_gmt":"2024-04-17T10:30:02","slug":"trading-de-energie","status":"publish","type":"page","link":"https:\/\/solutions.elsaco.com\/en\/trading-de-energie\/","title":{"rendered":"Energy trading"},"content":{"rendered":"\n\n\t<p><strong>Trading de Energie<\/strong><\/p>\n\t<p>Suntem partenerul dvs. de \u00eencredere \u00een ceea ce prive\u0219te serviciile de comercializare a energiei pentru energia electric\u0103 produs\u0103 de sistemele fotovoltaice (PV).<\/p>\n\t\t\t<a href=\"\/solicita-oferta\" target=\"_blank\" role=\"button\" rel=\"noopener\">\n\t\t\t\t\t\tSolicit\u0103 oferta\n\t\t<\/a>\n\t<p>Maximiza\u021bi valoarea produc\u021biei dvs. de energie solar\u0103 cu ajutorul solu\u021biilor noastre complete de comercializare a energiei. La <strong>Elsaco Solutions<\/strong>, suntem specializa\u021bi \u00een facilitarea v\u00e2nz\u0103rii \u0219i tranzac\u021bion\u0103rii energiei regenerabile generate de sistemele fotovoltaice, pun\u00e2nd \u00een leg\u0103tur\u0103 produc\u0103torii cu cump\u0103r\u0103torii pe pie\u021bele dinamice de energie.<\/p>\n\t\t\t\t<img loading=\"lazy\" decoding=\"async\" src=\"https:\/\/solutions.elsaco.com\/wp-content\/uploads\/2024\/04\/Grafica_Cladiri_2022_color.png\" alt=\"Grafica_Cladiri_2022_color\" itemprop=\"image\" height=\"4604\" width=\"4296\" title=\"Grafica_Cladiri_2022_color\" onerror=\"this.style.display='none'\"  \/>\n\t<p>Echipa noastr\u0103 experimentat\u0103 utilizeaz\u0103 tehnologia de ultim\u0103 or\u0103 \u0219i expertiza pie\u021bei pentru a optimiza monetizarea produc\u021biei dvs. de energie solar\u0103. Indiferent dac\u0103 sunte\u021bi un operator de sisteme solare, o entitate comercial\u0103 cu instala\u021bii pe acoperi\u0219 sau o comunitate care genereaz\u0103 energie regenerabil\u0103, v\u0103 oferim strategii de tranzac\u021bionare adaptate la nevoile dumneavoastr\u0103.<\/p>\n\t<p><strong>Cu ajutorul platformei noastre de tranzac\u021bionare transparente \u0219i eficiente, pute\u021bi accesa pie\u021be de energie profitabile \u0219i v\u0103 pute\u021bi asigura pre\u021buri competitive pentru energia electric\u0103 \u00een exces. Fie c\u0103 dori\u021bi s\u0103 vinde\u021bi energie direct c\u0103tre utilit\u0103\u021bile locale, s\u0103 participa\u021bi la pie\u021bele de certificate de energie regenerabil\u0103 (REC) sau s\u0103 v\u0103 implica\u021bi \u00een tranzac\u021bionarea de la egal la egal, noi v\u0103 suntem al\u0103turi.<\/strong><\/p>\n\t<p>Asocia\u021bi-v\u0103 cu<strong> Elsaco Solution<\/strong>s pentru a debloca noi fluxuri de venituri, pentru a maximiza randamentul financiar al investi\u021biilor dvs. \u00een energie fotovoltaic\u0103 \u0219i pentru a contribui la un viitor energetic durabil. Al\u0103tura\u021bi-v\u0103 nou\u0103 \u00een modelarea viitorului tranzac\u021bion\u0103rii energiei \u0219i profita\u021bi la maximum de produc\u021bia dvs. de energie solar\u0103 ast\u0103zi.<\/p>\n\t\t\t<a href=\"\/solicita-oferta\" target=\"_blank\" role=\"button\" rel=\"noopener\">\n\t\t\t\t\t\tSolicit\u0103 ofert\u0103 &#038; detalii\n\t\t<\/a>\n\t<p><strong>Fii primul care afl\u0103 nout\u0103\u021bile abon\u00e2ndu-te la newsletter-ul Elsaco Solutions!<\/strong><\/p>\n\t<div class=\"wpforms-container \" id=\"wpforms-455\"><form id=\"wpforms-form-455\" class=\"wpforms-validate wpforms-form\" data-formid=\"455\" method=\"post\" enctype=\"multipart\/form-data\" action=\"\/en\/wp-json\/wp\/v2\/pages\/1309\" data-token=\"21f26d60bf7dfd0f909cbbc1db2fc4ef\" data-token-time=\"1777529676\"><noscript class=\"wpforms-error-noscript\">Please enable JavaScript in your browser to complete this form.<\/noscript><div class=\"wpforms-field-container\"><div id=\"wpforms-455-field_2-container\" class=\"wpforms-field wpforms-field-email\" data-field-id=\"2\"><label class=\"wpforms-field-label wpforms-label-hide\" for=\"wpforms-455-field_2\">Email <span class=\"wpforms-required-label\">*<\/span><\/label><input type=\"email\" id=\"wpforms-455-field_2\" class=\"wpforms-field-medium wpforms-field-required\" name=\"wpforms[fields][2]\" placeholder=\"Email\" spellcheck=\"false\" required><\/div><\/div><!-- .wpforms-field-container --><div class=\"wpforms-submit-container\" ><input type=\"hidden\" name=\"wpforms[id]\" value=\"455\"><input type=\"hidden\" name=\"page_title\" value=\"\"><input type=\"hidden\" name=\"page_url\" value=\"https:\/\/solutions.elsaco.com\/en\/wp-json\/wp\/v2\/pages\/1309\"><input type=\"hidden\" name=\"url_referer\" value=\"\"><button type=\"submit\" name=\"wpforms[submit]\" id=\"wpforms-submit-455\" class=\"wpforms-submit wpforms-one-thirds wpforms-third\" data-alt-text=\"Abonare...\" data-submit-text=\"Abonare!\" aria-live=\"assertive\" value=\"wpforms-submit\">Abonare!<\/button><\/div><\/form><\/div>  <!-- .wpforms-container -->\n\t<iframe src=\"https:\/\/www.google.com\/maps\/embed\/v1\/place?q=Boto%C8%99ani%2C+Pacea+41A%2C+710013&#038;key=AIzaSyD09zQ9PNDNNy9TadMuzRV_UsPUoWKntt8\" aria-hidden=\"true\"><\/iframe>\n\n","protected":false},"excerpt":{"rendered":"<p>Trading de Energie Suntem partenerul dvs. de \u00eencredere \u00een ceea ce prive\u0219te serviciile de comercializare a energiei pentru energia electric\u0103 produs\u0103 de sistemele fotovoltaice (PV). Solicit\u0103 oferta Maximiza\u021bi valoarea produc\u021biei dvs. de energie solar\u0103 cu ajutorul solu\u021biilor noastre complete de comercializare a energiei. La Elsaco Solutions, suntem specializa\u021bi \u00een facilitarea v\u00e2nz\u0103rii \u0219i tranzac\u021bion\u0103rii energiei regenerabile [&hellip;]<\/p>\n","protected":false},"author":1,"featured_media":0,"parent":0,"menu_order":0,"comment_status":"closed","ping_status":"closed","template":"","meta":{"site-sidebar-layout":"no-sidebar","site-content-layout":"page-builder","ast-site-content-layout":"","site-content-style":"default","site-sidebar-style":"default","ast-global-header-display":"","ast-banner-title-visibility":"","ast-main-header-display":"","ast-hfb-above-header-display":"","ast-hfb-below-header-display":"","ast-hfb-mobile-header-display":"","site-post-title":"disabled","ast-breadcrumbs-content":"disabled","ast-featured-img":"disabled","footer-sml-layout":"","theme-transparent-header-meta":"enabled","adv-header-id-meta":"","stick-header-meta":"","header-above-stick-meta":"","header-main-stick-meta":"","header-below-stick-meta":"","astra-migrate-meta-layouts":"default","ast-page-background-enabled":"default","ast-page-background-meta":{"desktop":{"background-color":"","background-image":"","background-repeat":"repeat","background-position":"center center","background-size":"auto","background-attachment":"scroll","background-type":"","background-media":"","overlay-type":"","overlay-color":"","overlay-gradient":""},"tablet":{"background-color":"","background-image":"","background-repeat":"repeat","background-position":"center center","background-size":"auto","background-attachment":"scroll","background-type":"","background-media":"","overlay-type":"","overlay-color":"","overlay-gradient":""},"mobile":{"background-color":"","background-image":"","background-repeat":"repeat","background-position":"center center","background-size":"auto","background-attachment":"scroll","background-type":"","background-media":"","overlay-type":"","overlay-color":"","overlay-gradient":""}},"ast-content-background-meta":{"desktop":{"background-color":"var(--ast-global-color-5)","background-image":"","background-repeat":"repeat","background-position":"center center","background-size":"auto","background-attachment":"scroll","background-type":"","background-media":"","overlay-type":"","overlay-color":"","overlay-gradient":""},"tablet":{"background-color":"var(--ast-global-color-5)","background-image":"","background-repeat":"repeat","background-position":"center center","background-size":"auto","background-attachment":"scroll","background-type":"","background-media":"","overlay-type":"","overlay-color":"","overlay-gradient":""},"mobile":{"background-color":"var(--ast-global-color-5)","background-image":"","background-repeat":"repeat","background-position":"center center","background-size":"auto","background-attachment":"scroll","background-type":"","background-media":"","overlay-type":"","overlay-color":"","overlay-gradient":""}},"footnotes":""},"class_list":["post-1309","page","type-page","status-publish","hentry"],"_links":{"self":[{"href":"https:\/\/solutions.elsaco.com\/en\/wp-json\/wp\/v2\/pages\/1309","targetHints":{"allow":["GET"]}}],"collection":[{"href":"https:\/\/solutions.elsaco.com\/en\/wp-json\/wp\/v2\/pages"}],"about":[{"href":"https:\/\/solutions.elsaco.com\/en\/wp-json\/wp\/v2\/types\/page"}],"author":[{"embeddable":true,"href":"https:\/\/solutions.elsaco.com\/en\/wp-json\/wp\/v2\/users\/1"}],"replies":[{"embeddable":true,"href":"https:\/\/solutions.elsaco.com\/en\/wp-json\/wp\/v2\/comments?post=1309"}],"version-history":[{"count":8,"href":"https:\/\/solutions.elsaco.com\/en\/wp-json\/wp\/v2\/pages\/1309\/revisions"}],"predecessor-version":[{"id":1467,"href":"https:\/\/solutions.elsaco.com\/en\/wp-json\/wp\/v2\/pages\/1309\/revisions\/1467"}],"wp:attachment":[{"href":"https:\/\/solutions.elsaco.com\/en\/wp-json\/wp\/v2\/media?parent=1309"}],"curies":[{"name":"wp","href":"https:\/\/api.w.org\/{rel}","templated":true}]}}