{"id":1304,"date":"2024-04-14T15:59:40","date_gmt":"2024-04-14T12:59:40","guid":{"rendered":"https:\/\/solutions.elsaco.com\/?page_id=1304"},"modified":"2026-04-24T20:00:23","modified_gmt":"2026-04-24T17:00:23","slug":"prognoza-de-productie","status":"publish","type":"page","link":"https:\/\/solutions.elsaco.com\/en\/prognoza-de-productie\/","title":{"rendered":"Production Forecast"},"content":{"rendered":"\n\n\t<p><strong>Prognoz\u0103 de Produc\u021bie<\/strong><\/p>\n\t<p>Elsaco Solutions, destina\u021bia dvs. principal\u0103 pentru servicii de prognoz\u0103 de ultim\u0103 genera\u021bie \u0219i perfect adaptate pentru a optimiza produc\u021bia de energie electric\u0103 din sistemele fotovoltaice (PV).<\/p>\n\t\t\t<a href=\"\/solicita-oferta\" target=\"_blank\" rel=\"noopener\"class=\"uabb-button uabb-creative-button uabb-creative-default-btn   \"  role=\"button\">\n\t\t\t\t\t\tSolicit\u0103 oferta\n\t\t<\/a>\n\t<p><strong>Exploatarea puterii energiei solare \u00eenseamn\u0103 mai mult dec\u00e2t simpla instalare de panouri<\/strong> &#8211; este vorba despre maximizarea eficien\u021bei \u0219i a produc\u021biei. Suntem specializa\u021bi \u00een furnizarea de servicii avansate de prognoz\u0103 concepute pentru a ajuta \u00eentreprinderile \u0219i organiza\u021biile s\u0103 extrag\u0103 poten\u021bialul maxim din sistemele lor fotovoltaice.<\/p>\n\t\t\t\t<img loading=\"lazy\" decoding=\"async\" src=\"https:\/\/solutions.elsaco.com\/wp-content\/uploads\/2024\/04\/1.c.i-Prognoza-EN.png\" alt=\"1.c.i - Prognoza EN\" itemprop=\"image\" height=\"1024\" width=\"1024\" title=\"1.c.i - Prognoza EN\" onerror=\"this.style.display='none'\"  \/>\n\t<p>Tehnologia noastr\u0103 de prognoz\u0103 de ultim\u0103 genera\u021bie utilizeaz\u0103 algoritmi puternici \u0219i analize de date \u00een timp real pentru a prezice cu exactitate produc\u021bia de energie solar\u0103. Utiliz\u0103m algoritmi de \u00eenv\u0103\u021bare automat\u0103 \u0219i analiz\u0103 statistic\u0103 pentru a dezvolta modele de prognoz\u0103 robuste. Acestea vor lua \u00een considerare istoricul datelor, variabilele meteorologice, tendin\u021bele sezoniere \u0219i evenimentele excep\u021bionale. Oferim prognoze precise care v\u0103 permit s\u0103 lua\u021bi decizii \u00een cuno\u0219tin\u021b\u0103 de cauz\u0103 \u0219i s\u0103 v\u0103 optimiza\u021bi procesele de produc\u021bie de energie.<\/p>\n\t<p>Indiferent dac\u0103 sunte\u021bi un operator de sisteme solare \/ eoliene, o companie de utilit\u0103\u021bi sau o entitate comercial\u0103 cu instala\u021bii solare pe acoperi\u0219, serviciile noastre de prognoz\u0103 sunt adaptate pentru a r\u0103spunde nevoilor dumneavoastr\u0103 specifice. De la previziuni zilnice de produc\u021bie la planificarea energetic\u0103 pe termen lung, v\u0103 oferim solu\u021bii personalizate pentru a v\u0103 ajuta s\u0103 v\u0103 atinge\u021bi obiectivele de produc\u021bie de energie \u00een mod eficient \u0219i eficace.<\/p>\n\t<p>Cu <strong>Elsaco Solutions<\/strong>, v\u0103 pute\u021bi baza pe previziuni precise \u0219i fiabile pentru a spori eficien\u021ba opera\u021bional\u0103, a minimiza riscurile \u0219i a maximiza randamentul financiar al investi\u021biilor dvs. fotovoltaice. Apela\u021bi la noi ast\u0103zi \u0219i debloca\u021bi \u00eentregul poten\u021bial al produc\u021biei de energie solar\u0103 pentru afacerea dumneavoastr\u0103.<\/p>\n\t\t\t<a href=\"\/solicita-oferta\" target=\"_blank\" rel=\"noopener\"class=\"uabb-button uabb-creative-button uabb-creative-default-btn   \"  role=\"button\">\n\t\t\t\t\t\tSolicit\u0103 ofert\u0103 &amp; detalii\n\t\t<\/a>\n\t<p><strong>Fii primul care afl\u0103 nout\u0103\u021bile abon\u00e2ndu-te la newsletter-ul Elsaco Solutions!<\/strong><\/p>\n\t<div class=\"wpforms-container \" id=\"wpforms-455\"><form id=\"wpforms-form-455\" class=\"wpforms-validate wpforms-form\" data-formid=\"455\" method=\"post\" enctype=\"multipart\/form-data\" action=\"\/en\/wp-json\/wp\/v2\/pages\/1304\" data-token=\"ea57c73f5a2528688b0577cff5653148\" data-token-time=\"1777218300\"><noscript class=\"wpforms-error-noscript\">Please enable JavaScript in your browser to complete this form.<\/noscript><div class=\"wpforms-field-container\"><div id=\"wpforms-455-field_2-container\" class=\"wpforms-field wpforms-field-email\" data-field-id=\"2\"><label class=\"wpforms-field-label wpforms-label-hide\" for=\"wpforms-455-field_2\">Email <span class=\"wpforms-required-label\">*<\/span><\/label><input type=\"email\" id=\"wpforms-455-field_2\" class=\"wpforms-field-medium wpforms-field-required\" name=\"wpforms[fields][2]\" placeholder=\"Email\" spellcheck=\"false\" required><\/div><\/div><!-- .wpforms-field-container --><div class=\"wpforms-submit-container\" ><input type=\"hidden\" name=\"wpforms[id]\" value=\"455\"><input type=\"hidden\" name=\"page_title\" value=\"\"><input type=\"hidden\" name=\"page_url\" value=\"https:\/\/solutions.elsaco.com\/en\/wp-json\/wp\/v2\/pages\/1304\"><input type=\"hidden\" name=\"url_referer\" value=\"\"><button type=\"submit\" name=\"wpforms[submit]\" id=\"wpforms-submit-455\" class=\"wpforms-submit wpforms-one-thirds wpforms-third\" data-alt-text=\"Abonare...\" data-submit-text=\"Abonare!\" aria-live=\"assertive\" value=\"wpforms-submit\">Abonare!<\/button><\/div><\/form><\/div>  <!-- .wpforms-container -->\n\t<iframe src=\"https:\/\/www.google.com\/maps\/embed\/v1\/place?q=Boto%C8%99ani%2C+Pacea+41A%2C+710013&#038;key=AIzaSyD09zQ9PNDNNy9TadMuzRV_UsPUoWKntt8\" aria-hidden=\"true\"><\/iframe>\n\n","protected":false},"excerpt":{"rendered":"<p>Prognoz\u0103 de Produc\u021bie Elsaco Solutions, destina\u021bia dvs. principal\u0103 pentru servicii de prognoz\u0103 de ultim\u0103 genera\u021bie \u0219i perfect adaptate pentru a optimiza produc\u021bia de energie electric\u0103 din sistemele fotovoltaice (PV). Solicit\u0103 oferta Exploatarea puterii energiei solare \u00eenseamn\u0103 mai mult dec\u00e2t simpla instalare de panouri &#8211; este vorba despre maximizarea eficien\u021bei \u0219i a produc\u021biei. Suntem specializa\u021bi \u00een [&hellip;]<\/p>\n","protected":false},"author":1,"featured_media":0,"parent":0,"menu_order":0,"comment_status":"closed","ping_status":"closed","template":"","meta":{"site-sidebar-layout":"no-sidebar","site-content-layout":"page-builder","ast-site-content-layout":"","site-content-style":"default","site-sidebar-style":"default","ast-global-header-display":"","ast-banner-title-visibility":"","ast-main-header-display":"","ast-hfb-above-header-display":"","ast-hfb-below-header-display":"","ast-hfb-mobile-header-display":"","site-post-title":"disabled","ast-breadcrumbs-content":"disabled","ast-featured-img":"disabled","footer-sml-layout":"","theme-transparent-header-meta":"enabled","adv-header-id-meta":"","stick-header-meta":"","header-above-stick-meta":"","header-main-stick-meta":"","header-below-stick-meta":"","astra-migrate-meta-layouts":"default","ast-page-background-enabled":"default","ast-page-background-meta":{"desktop":{"background-color":"","background-image":"","background-repeat":"repeat","background-position":"center center","background-size":"auto","background-attachment":"scroll","background-type":"","background-media":"","overlay-type":"","overlay-color":"","overlay-gradient":""},"tablet":{"background-color":"","background-image":"","background-repeat":"repeat","background-position":"center center","background-size":"auto","background-attachment":"scroll","background-type":"","background-media":"","overlay-type":"","overlay-color":"","overlay-gradient":""},"mobile":{"background-color":"","background-image":"","background-repeat":"repeat","background-position":"center center","background-size":"auto","background-attachment":"scroll","background-type":"","background-media":"","overlay-type":"","overlay-color":"","overlay-gradient":""}},"ast-content-background-meta":{"desktop":{"background-color":"var(--ast-global-color-5)","background-image":"","background-repeat":"repeat","background-position":"center center","background-size":"auto","background-attachment":"scroll","background-type":"","background-media":"","overlay-type":"","overlay-color":"","overlay-gradient":""},"tablet":{"background-color":"var(--ast-global-color-5)","background-image":"","background-repeat":"repeat","background-position":"center center","background-size":"auto","background-attachment":"scroll","background-type":"","background-media":"","overlay-type":"","overlay-color":"","overlay-gradient":""},"mobile":{"background-color":"var(--ast-global-color-5)","background-image":"","background-repeat":"repeat","background-position":"center center","background-size":"auto","background-attachment":"scroll","background-type":"","background-media":"","overlay-type":"","overlay-color":"","overlay-gradient":""}},"footnotes":""},"class_list":["post-1304","page","type-page","status-publish","hentry"],"_links":{"self":[{"href":"https:\/\/solutions.elsaco.com\/en\/wp-json\/wp\/v2\/pages\/1304","targetHints":{"allow":["GET"]}}],"collection":[{"href":"https:\/\/solutions.elsaco.com\/en\/wp-json\/wp\/v2\/pages"}],"about":[{"href":"https:\/\/solutions.elsaco.com\/en\/wp-json\/wp\/v2\/types\/page"}],"author":[{"embeddable":true,"href":"https:\/\/solutions.elsaco.com\/en\/wp-json\/wp\/v2\/users\/1"}],"replies":[{"embeddable":true,"href":"https:\/\/solutions.elsaco.com\/en\/wp-json\/wp\/v2\/comments?post=1304"}],"version-history":[{"count":9,"href":"https:\/\/solutions.elsaco.com\/en\/wp-json\/wp\/v2\/pages\/1304\/revisions"}],"predecessor-version":[{"id":1599,"href":"https:\/\/solutions.elsaco.com\/en\/wp-json\/wp\/v2\/pages\/1304\/revisions\/1599"}],"wp:attachment":[{"href":"https:\/\/solutions.elsaco.com\/en\/wp-json\/wp\/v2\/media?parent=1304"}],"curies":[{"name":"wp","href":"https:\/\/api.w.org\/{rel}","templated":true}]}}