{"id":1295,"date":"2024-04-14T15:31:47","date_gmt":"2024-04-14T12:31:47","guid":{"rendered":"https:\/\/solutions.elsaco.com\/?page_id=1295"},"modified":"2026-04-24T19:50:25","modified_gmt":"2026-04-24T16:50:25","slug":"centrale-fotovoltaice-productie","status":"publish","type":"page","link":"https:\/\/solutions.elsaco.com\/en\/centrale-fotovoltaice-productie\/","title":{"rendered":"Photovoltaic Power Plants for Production"},"content":{"rendered":"\n\n\t<p><strong>Centrale Fotovoltaice pentru Produc\u021bie<\/strong><\/p>\n\t<p><strong>Elibera\u021bi puterea energiei solare pentru nevoile dumneavoastr\u0103 de produc\u021bie! <\/strong><\/p>\n<p>Bine a\u021bi venit \u00een viitorul produc\u021biei de energie durabil\u0103! S<strong>unte\u021bi gata s\u0103 prelua\u021bi controlul asupra costurilor energetice, reduc\u00e2nd \u00een acela\u0219i timp amprenta de carbon? <\/strong>Instalarea de sisteme fotovoltaice \u00een scopuri de produc\u021bie este alegerea inteligent\u0103 pentru \u00eentreprinderile care doresc s\u0103 adopte solu\u021bii de energie regenerabil\u0103.<\/p>\n\t\t\t<a href=\"\/solicita-oferta\" target=\"_blank\" rel=\"noopener\"class=\"uabb-button uabb-creative-button uabb-creative-default-btn   \"  role=\"button\">\n\t\t\t\t\t\tSolicit\u0103 oferta\n\t\t<\/a>\n\t\t\t<h2>\n\t\t\t\t\tEnergia Sustenabil\u0103 pentru Sectorul Industrial\n\t\t\t\t<\/h2>\n\t\t\t<p>Elsaco Solutions este partenerul de \u00eencredere al sectorului industrial, furniz\u00e2nd solu\u021bii integrate pentru eficien\u021ba energetic\u0103 \u0219i sustenabilitate. Cu o expertiz\u0103 considerabil\u0103 \u00een implementarea proiectelor industriale, noi abord\u0103m complexitatea cerin\u021belor specifice ale fiec\u0103rui client. \u00cen acest mod v\u0103 oferi solu\u021bii tehnologice avansate, sisteme de monitorizare eficiente \u0219i integrarea surselor de energie regenerabil\u0103. Ne angaj\u0103m s\u0103 aducem inova\u021bie \u0219i performan\u021b\u0103 \u00een fiecare proiect industrial, contribuind astfel la cre\u0219terea durabil\u0103 \u0219i eficientizarea opera\u021biunilor industriale.<\/p>\n\t\t\t<h2>\n\t\t\t\t\tVarianta de realizare a unei centrale fotovoltaice cu scopul de PRODUC\u021aIE ENERGIE are urm\u0103toarele avantaje:\n\t\t\t\t<\/h2>\n\t<p>introducerea unei capacit\u0103\u021bi de producere de energie gratuit\u0103, inepuizabil\u0103 \u0219i infinit regenerabil\u0103 care v\u0103 reduce riscurile asociate pre\u021burilor volatile ale combustibililor fosili.<\/p>\n\t<p>promovarea resurselor regenerabile, inov\u0103rii, cercet\u0103rii \u0219i dezvolt\u0103rii tehnologice prin alinierea la \u021bintele strategiei na\u021bionale.<\/p>\n\t<p>durat\u0103 mare de func\u021bionare a centralei de 30 de ani.<\/p>\n\t<p>pe durata func\u021bion\u0103rii nu vor exista emisii de gaze (\u00een primul r\u00e2nd CO<sub>2<\/sub>), nu vor exista de\u0219euri.<\/p>\n\t<p>echipamentul de produc\u021bie va fi instalat \u00een apropierea punctului de conectare in re\u021beaua na\u021bional\u0103, evit\u00e2ndu-se pierderile de putere datorate transportului \u0219i distribu\u021biei.<\/p>\n\t<p>costurile de operare, \u00eentre\u021binere \u0219i repara\u021bii minime.<\/p>\n\t<p><strong>Elsaco Solutions are experien\u021b\u0103 \u00een realizarea &#8222;la cheie&#8221; a proiectelor fotovoltaice cu scop de produc\u021bie<\/strong>. De asemenea, furniz\u0103m servicii de prognoz\u0103 de produc\u021bie, c\u00e2t \u0219i suport \u00een ceea ce prive\u0219te tranzac\u021bionarea energiei electrice pe pie\u021bele de energie din Rom\u00e2nia: Pia\u021ba pentru Ziua Urm\u0103toare, Pia\u021ba de Echilibrare, Pia\u021ba Intraday.<\/p>\n\t\t\t<a href=\"\/solicita-oferta\" target=\"_blank\" rel=\"noopener\"class=\"uabb-button uabb-creative-button uabb-creative-default-btn   \"  role=\"button\">\n\t\t\t\t\t\tSolicit\u0103 oferta\n\t\t<\/a>\n\t<p><a href=\"\/prognoza-de-productie\"><strong>Servicii de prognoz\u0103<\/strong><\/a><\/p>\n\t<p><a href=\"\/trading-de-energie\"><strong>Trading de Energie<\/strong><\/a><\/p>\n\t<p><a href=\"\/mentenanta-sisteme-fotovoltaice\"><strong>Mentenan\u021b\u0103<\/strong><\/a><\/p>\n\t\t\t<img decoding=\"async\" loading='false' src=\"https:\/\/solutions.elsaco.com\/wp-content\/uploads\/2024\/04\/vfcampului.jpg\" alt=\"\" \/>\t\t\t\n\t\t\t<img decoding=\"async\" loading='false' src=\"https:\/\/solutions.elsaco.com\/wp-content\/uploads\/2024\/04\/DJI_0501-2.jpg\" alt=\"\" \/>\t\t\t\n\t<p><strong>Fii primul care afl\u0103 nout\u0103\u021bile abon\u00e2ndu-te la newsletter-ul Elsaco Solutions!<\/strong><\/p>\n\t<div class=\"wpforms-container \" id=\"wpforms-455\"><form id=\"wpforms-form-455\" class=\"wpforms-validate wpforms-form\" data-formid=\"455\" method=\"post\" enctype=\"multipart\/form-data\" action=\"\/en\/wp-json\/wp\/v2\/pages\/1295\" data-token=\"ea57c73f5a2528688b0577cff5653148\" data-token-time=\"1777218108\"><noscript class=\"wpforms-error-noscript\">Please enable JavaScript in your browser to complete this form.<\/noscript><div class=\"wpforms-field-container\"><div id=\"wpforms-455-field_2-container\" class=\"wpforms-field wpforms-field-email\" data-field-id=\"2\"><label class=\"wpforms-field-label wpforms-label-hide\" for=\"wpforms-455-field_2\">Email <span class=\"wpforms-required-label\">*<\/span><\/label><input type=\"email\" id=\"wpforms-455-field_2\" class=\"wpforms-field-medium wpforms-field-required\" name=\"wpforms[fields][2]\" placeholder=\"Email\" spellcheck=\"false\" required><\/div><\/div><!-- .wpforms-field-container --><div class=\"wpforms-submit-container\" ><input type=\"hidden\" name=\"wpforms[id]\" value=\"455\"><input type=\"hidden\" name=\"page_title\" value=\"\"><input type=\"hidden\" name=\"page_url\" value=\"https:\/\/solutions.elsaco.com\/en\/wp-json\/wp\/v2\/pages\/1295\"><input type=\"hidden\" name=\"url_referer\" value=\"\"><button type=\"submit\" name=\"wpforms[submit]\" id=\"wpforms-submit-455\" class=\"wpforms-submit wpforms-one-thirds wpforms-third\" data-alt-text=\"Abonare...\" data-submit-text=\"Abonare!\" aria-live=\"assertive\" value=\"wpforms-submit\">Abonare!<\/button><\/div><\/form><\/div>  <!-- .wpforms-container -->\n\t<iframe src=\"https:\/\/www.google.com\/maps\/embed\/v1\/place?q=Boto%C8%99ani%2C+Pacea+41A%2C+710013&#038;key=AIzaSyD09zQ9PNDNNy9TadMuzRV_UsPUoWKntt8\" aria-hidden=\"true\"><\/iframe>\n\n","protected":false},"excerpt":{"rendered":"<p>Centrale Fotovoltaice pentru Produc\u021bie Elibera\u021bi puterea energiei solare pentru nevoile dumneavoastr\u0103 de produc\u021bie! Bine a\u021bi venit \u00een viitorul produc\u021biei de energie durabil\u0103! Sunte\u021bi gata s\u0103 prelua\u021bi controlul asupra costurilor energetice, reduc\u00e2nd \u00een acela\u0219i timp amprenta de carbon? Instalarea de sisteme fotovoltaice \u00een scopuri de produc\u021bie este alegerea inteligent\u0103 pentru \u00eentreprinderile care doresc s\u0103 adopte solu\u021bii [&hellip;]<\/p>\n","protected":false},"author":1,"featured_media":0,"parent":0,"menu_order":0,"comment_status":"closed","ping_status":"closed","template":"","meta":{"site-sidebar-layout":"no-sidebar","site-content-layout":"page-builder","ast-site-content-layout":"","site-content-style":"default","site-sidebar-style":"default","ast-global-header-display":"","ast-banner-title-visibility":"","ast-main-header-display":"","ast-hfb-above-header-display":"","ast-hfb-below-header-display":"","ast-hfb-mobile-header-display":"","site-post-title":"disabled","ast-breadcrumbs-content":"disabled","ast-featured-img":"disabled","footer-sml-layout":"","theme-transparent-header-meta":"enabled","adv-header-id-meta":"","stick-header-meta":"","header-above-stick-meta":"","header-main-stick-meta":"","header-below-stick-meta":"","astra-migrate-meta-layouts":"default","ast-page-background-enabled":"default","ast-page-background-meta":{"desktop":{"background-color":"","background-image":"","background-repeat":"repeat","background-position":"center center","background-size":"auto","background-attachment":"scroll","background-type":"","background-media":"","overlay-type":"","overlay-color":"","overlay-gradient":""},"tablet":{"background-color":"","background-image":"","background-repeat":"repeat","background-position":"center center","background-size":"auto","background-attachment":"scroll","background-type":"","background-media":"","overlay-type":"","overlay-color":"","overlay-gradient":""},"mobile":{"background-color":"","background-image":"","background-repeat":"repeat","background-position":"center center","background-size":"auto","background-attachment":"scroll","background-type":"","background-media":"","overlay-type":"","overlay-color":"","overlay-gradient":""}},"ast-content-background-meta":{"desktop":{"background-color":"var(--ast-global-color-5)","background-image":"","background-repeat":"repeat","background-position":"center center","background-size":"auto","background-attachment":"scroll","background-type":"","background-media":"","overlay-type":"","overlay-color":"","overlay-gradient":""},"tablet":{"background-color":"var(--ast-global-color-5)","background-image":"","background-repeat":"repeat","background-position":"center center","background-size":"auto","background-attachment":"scroll","background-type":"","background-media":"","overlay-type":"","overlay-color":"","overlay-gradient":""},"mobile":{"background-color":"var(--ast-global-color-5)","background-image":"","background-repeat":"repeat","background-position":"center center","background-size":"auto","background-attachment":"scroll","background-type":"","background-media":"","overlay-type":"","overlay-color":"","overlay-gradient":""}},"footnotes":""},"class_list":["post-1295","page","type-page","status-publish","hentry"],"_links":{"self":[{"href":"https:\/\/solutions.elsaco.com\/en\/wp-json\/wp\/v2\/pages\/1295","targetHints":{"allow":["GET"]}}],"collection":[{"href":"https:\/\/solutions.elsaco.com\/en\/wp-json\/wp\/v2\/pages"}],"about":[{"href":"https:\/\/solutions.elsaco.com\/en\/wp-json\/wp\/v2\/types\/page"}],"author":[{"embeddable":true,"href":"https:\/\/solutions.elsaco.com\/en\/wp-json\/wp\/v2\/users\/1"}],"replies":[{"embeddable":true,"href":"https:\/\/solutions.elsaco.com\/en\/wp-json\/wp\/v2\/comments?post=1295"}],"version-history":[{"count":8,"href":"https:\/\/solutions.elsaco.com\/en\/wp-json\/wp\/v2\/pages\/1295\/revisions"}],"predecessor-version":[{"id":1594,"href":"https:\/\/solutions.elsaco.com\/en\/wp-json\/wp\/v2\/pages\/1295\/revisions\/1594"}],"wp:attachment":[{"href":"https:\/\/solutions.elsaco.com\/en\/wp-json\/wp\/v2\/media?parent=1295"}],"curies":[{"name":"wp","href":"https:\/\/api.w.org\/{rel}","templated":true}]}}