{"id":1292,"date":"2024-04-14T15:03:28","date_gmt":"2024-04-14T12:03:28","guid":{"rendered":"https:\/\/solutions.elsaco.com\/?page_id=1292"},"modified":"2026-04-24T19:55:58","modified_gmt":"2026-04-24T16:55:58","slug":"centrale-fotovoltaice-autoconsum","status":"publish","type":"page","link":"https:\/\/solutions.elsaco.com\/en\/centrale-fotovoltaice-autoconsum\/","title":{"rendered":"Photovoltaic plants for self-consumption"},"content":{"rendered":"\n\n\t<p><strong>Centrale Fotovoltaice pentru Autoconsum<\/strong><\/p>\n\t<p>Elsaco Solutions se distinge prin oferirea de solu\u021bii energetice personalizate pentru clien\u021bii comerciali. Cu o abordare orientat\u0103 spre nevoile specifice ale fiec\u0103rui client, dezvolt\u0103m solu\u021bii adaptate pentru <strong>eficien\u021ba energetic\u0103, gestionarea consumului \u0219i integrarea surselor regenerabile<\/strong>.<\/p>\n\t\t\t<a href=\"\/solicita-oferta\" target=\"_blank\" rel=\"noopener\"class=\"uabb-button uabb-creative-button uabb-creative-default-btn   \"  role=\"button\">\n\t\t\t\t\t\tSolicit\u0103 oferta\n\t\t<\/a>\n\t\t\t<h2>\n\t\t\t\t\tC\u0103uta\u021bi o modalitate durabil\u0103 \u0219i rentabil\u0103 de a v\u0103 alimenta cu energie electric\u0103 pentru casa sau afacerea dumneavoastr\u0103?\n\t\t\t\t<\/h2>\n\t\t\t<p>Lua\u021bi \u00een considerare valorificarea energiei abundente a soarelui cu ajutorul sistemelor fotovoltaice pentru autoconsum.<\/p>\n<p>Colabor\u0103m str\u00e2ns cu partenerii no\u0219tri comerciali pentru a \u00een\u021belege provoc\u0103rile \u0219i oportunit\u0103\u021bile specifice ale afacerii lor. \u00cen acest fel reu\u0219im s\u0103 le oferim solu\u021bii tehnologice inovatoare \u0219i sustenabile cu care \u00eei sprijinim \u00een atingerea obiectivelor comerciale \u0219i de sustenabilitate.\u00a0<\/p>\n\t\t\t<h2>\n\t\t\t\t\tMotivele pentru care investi\u021bia \u00eentr-un sistem fotovoltaic pentru autoconsum se justific\u0103:\n\t\t\t\t<\/h2>\n\t<p><strong>Independen\u021b\u0103 energetic\u0103<\/strong><\/p>\n\t<p>Prin generarea propriei electricit\u0103\u021bi din lumina soarelui, deveni\u021bi mai pu\u021bin dependent de sursele tradi\u021bionale de energie \u0219i de companiile de utilit\u0103\u021bi. Aceast\u0103 independen\u021b\u0103 ofer\u0103 stabilitate fa\u021b\u0103 de pre\u021burile fluctuante ale energiei din timpul zilei.<\/p>\n\t<p><strong>Reducerea costurilor cu energia electric\u0103<\/strong><\/p>\n\t<p>De\u0219i investi\u021bia ini\u021bial\u0103 \u00eentr-un sistem fotovoltaic poate p\u0103rea semnificativ\u0103, aceasta se amortizeaz\u0103 prin reducerea facturilor de electricitate.<\/p>\n\t<p><strong>Cre\u0219terea valorii propriet\u0103\u021bii<\/strong><\/p>\n\t<p>\u00centreprinderile echipate cu sisteme fotovoltaice au, de obicei, o valoare de rev\u00e2nzare mai mare. Poten\u021bialii cump\u0103r\u0103tori sunt atra\u0219i de propriet\u0103\u021bile cu facturi mai mici la utilit\u0103\u021bi, a\u0219adar investi\u021bia dumneavoastr\u0103 \u00een energie solar\u0103 este un plus pentru ace\u0219tia.<\/p>\n\t<p><strong>Maturitatea tehnologiilor<\/strong><\/p>\n\t<p>Panourile solare de ast\u0103zi sunt mult mai durabile, mult mai eficiente \u0219i considerabil mai pl\u0103cute din punct de vedere estetic, ceea ce le face o op\u021biune atractiv\u0103 at\u00e2t pentru aplica\u021biile comerciale, c\u00e2t \u0219i pentru cele reziden\u021biale.<\/p>\n\t<p><strong>Impact asupra comunit\u0103\u021bii<\/strong><\/p>\n\tAdopt\u00e2nd energia solar\u0103, \u00eei inspira\u021bi \u0219i pe al\u021bii din comunitatea dumneavoastr\u0103 s\u0103 v\u0103 urmeze exemplul \u0219i s\u0103 adopte practici durabile. \u00cempreun\u0103, putem face tranzi\u021bia c\u0103tre un viitor cu energie curat\u0103 \u0219i putem crea o lume mai verde \u0219i mai rezistent\u0103 pentru to\u021bi.\n\t<p>Noi suntem specializa\u021bi \u00een proiectarea \u0219i instalarea de sisteme fotovoltaice personalizate, adaptate la nevoile \u0219i bugetul dvs. Echipa noastr\u0103 experimentat\u0103 v\u0103 va ghida \u00een fiecare etap\u0103 a procesului: de la consultarea ini\u021bial\u0103 p\u00e2n\u0103 la \u00eentre\u021binerea sistemului. <strong>\u00cen acest fel v\u0103 asigur\u0103m o tranzi\u021bie f\u0103r\u0103 probleme la energia solar\u0103.<\/strong><\/p>\n\t\t\t\t<img loading=\"lazy\" decoding=\"async\" src=\"https:\/\/solutions.elsaco.com\/wp-content\/uploads\/2024\/04\/WhatsApp-Image-2023-06-30-at-17.27.53-1-1536x1152.jpg\" alt=\"WhatsApp Image 2023-06-30 at 17.27.53 (1)\" itemprop=\"image\" height=\"1152\" width=\"1536\" title=\"WhatsApp Image 2023-06-30 at 17.27.53 (1)\" onerror=\"this.style.display='none'\"  \/>\n\t\t\t<h2>\n\t\t\t\t\tFace\u021bi trecerea la energia solar\u0103 ast\u0103zi \u0219i \u00eencepe\u021bi s\u0103 v\u0103 bucura\u021bi de beneficiile energiei curate \u0219i accesibile.\n\t\t\t\t<\/h2>\n\t\t\tFace\u021bi trecerea la energia solar\u0103 ast\u0103zi \u0219i \u00eencepe\u021bi s\u0103 v\u0103 bucura\u021bi de beneficiile energiei curate \u0219i accesibile. Contacta\u021bi-ne pentru a afla mai multe despre modul \u00een care un sistem fotovoltaic v\u0103 poate transforma casa sau afacerea. \n\t\t\t<a href=\"\/solicita-oferta\" target=\"_blank\" rel=\"noopener\"class=\"uabb-button uabb-creative-button uabb-creative-default-btn   \"  role=\"button\">\n\t\t\t\t\t\tSolicit\u0103 oferta\n\t\t<\/a>\n\t<p><strong>Fii primul care afl\u0103 nout\u0103\u021bile abon\u00e2ndu-te la newsletter-ul Elsaco Solutions!<\/strong><\/p>\n\t<div class=\"wpforms-container \" id=\"wpforms-455\"><form id=\"wpforms-form-455\" class=\"wpforms-validate wpforms-form\" data-formid=\"455\" method=\"post\" enctype=\"multipart\/form-data\" action=\"\/en\/wp-json\/wp\/v2\/pages\/1292\" data-token=\"d1cedacc3e35113903291b16172e7bf5\" data-token-time=\"1777819294\"><noscript class=\"wpforms-error-noscript\">Please enable JavaScript in your browser to complete this form.<\/noscript><div class=\"wpforms-field-container\"><div id=\"wpforms-455-field_2-container\" class=\"wpforms-field wpforms-field-email\" data-field-id=\"2\"><label class=\"wpforms-field-label wpforms-label-hide\" for=\"wpforms-455-field_2\">Email <span class=\"wpforms-required-label\">*<\/span><\/label><input type=\"email\" id=\"wpforms-455-field_2\" class=\"wpforms-field-medium wpforms-field-required\" name=\"wpforms[fields][2]\" placeholder=\"Email\" spellcheck=\"false\" required><\/div><\/div><!-- .wpforms-field-container --><div class=\"wpforms-submit-container\" ><input type=\"hidden\" name=\"wpforms[id]\" value=\"455\"><input type=\"hidden\" name=\"page_title\" value=\"\"><input type=\"hidden\" name=\"page_url\" value=\"https:\/\/solutions.elsaco.com\/en\/wp-json\/wp\/v2\/pages\/1292\"><input type=\"hidden\" name=\"url_referer\" value=\"\"><button type=\"submit\" name=\"wpforms[submit]\" id=\"wpforms-submit-455\" class=\"wpforms-submit wpforms-one-thirds wpforms-third\" data-alt-text=\"Abonare...\" data-submit-text=\"Abonare!\" aria-live=\"assertive\" value=\"wpforms-submit\">Abonare!<\/button><\/div><\/form><\/div>  <!-- .wpforms-container -->\n\t<iframe src=\"https:\/\/www.google.com\/maps\/embed\/v1\/place?q=Boto%C8%99ani%2C+Pacea+41A%2C+710013&#038;key=AIzaSyD09zQ9PNDNNy9TadMuzRV_UsPUoWKntt8\" aria-hidden=\"true\"><\/iframe>\n\n","protected":false},"excerpt":{"rendered":"<p>Centrale Fotovoltaice pentru Autoconsum Elsaco Solutions se distinge prin oferirea de solu\u021bii energetice personalizate pentru clien\u021bii comerciali. Cu o abordare orientat\u0103 spre nevoile specifice ale fiec\u0103rui client, dezvolt\u0103m solu\u021bii adaptate pentru eficien\u021ba energetic\u0103, gestionarea consumului \u0219i integrarea surselor regenerabile. Solicit\u0103 oferta C\u0103uta\u021bi o modalitate durabil\u0103 \u0219i rentabil\u0103 de a v\u0103 alimenta cu energie electric\u0103 pentru [&hellip;]<\/p>\n","protected":false},"author":1,"featured_media":0,"parent":0,"menu_order":0,"comment_status":"closed","ping_status":"closed","template":"","meta":{"site-sidebar-layout":"no-sidebar","site-content-layout":"page-builder","ast-site-content-layout":"","site-content-style":"default","site-sidebar-style":"default","ast-global-header-display":"","ast-banner-title-visibility":"","ast-main-header-display":"","ast-hfb-above-header-display":"","ast-hfb-below-header-display":"","ast-hfb-mobile-header-display":"","site-post-title":"disabled","ast-breadcrumbs-content":"disabled","ast-featured-img":"disabled","footer-sml-layout":"","theme-transparent-header-meta":"enabled","adv-header-id-meta":"","stick-header-meta":"","header-above-stick-meta":"","header-main-stick-meta":"","header-below-stick-meta":"","astra-migrate-meta-layouts":"default","ast-page-background-enabled":"default","ast-page-background-meta":{"desktop":{"background-color":"","background-image":"","background-repeat":"repeat","background-position":"center center","background-size":"auto","background-attachment":"scroll","background-type":"","background-media":"","overlay-type":"","overlay-color":"","overlay-gradient":""},"tablet":{"background-color":"","background-image":"","background-repeat":"repeat","background-position":"center center","background-size":"auto","background-attachment":"scroll","background-type":"","background-media":"","overlay-type":"","overlay-color":"","overlay-gradient":""},"mobile":{"background-color":"","background-image":"","background-repeat":"repeat","background-position":"center center","background-size":"auto","background-attachment":"scroll","background-type":"","background-media":"","overlay-type":"","overlay-color":"","overlay-gradient":""}},"ast-content-background-meta":{"desktop":{"background-color":"var(--ast-global-color-5)","background-image":"","background-repeat":"repeat","background-position":"center center","background-size":"auto","background-attachment":"scroll","background-type":"","background-media":"","overlay-type":"","overlay-color":"","overlay-gradient":""},"tablet":{"background-color":"var(--ast-global-color-5)","background-image":"","background-repeat":"repeat","background-position":"center center","background-size":"auto","background-attachment":"scroll","background-type":"","background-media":"","overlay-type":"","overlay-color":"","overlay-gradient":""},"mobile":{"background-color":"var(--ast-global-color-5)","background-image":"","background-repeat":"repeat","background-position":"center center","background-size":"auto","background-attachment":"scroll","background-type":"","background-media":"","overlay-type":"","overlay-color":"","overlay-gradient":""}},"footnotes":""},"class_list":["post-1292","page","type-page","status-publish","hentry"],"_links":{"self":[{"href":"https:\/\/solutions.elsaco.com\/en\/wp-json\/wp\/v2\/pages\/1292","targetHints":{"allow":["GET"]}}],"collection":[{"href":"https:\/\/solutions.elsaco.com\/en\/wp-json\/wp\/v2\/pages"}],"about":[{"href":"https:\/\/solutions.elsaco.com\/en\/wp-json\/wp\/v2\/types\/page"}],"author":[{"embeddable":true,"href":"https:\/\/solutions.elsaco.com\/en\/wp-json\/wp\/v2\/users\/1"}],"replies":[{"embeddable":true,"href":"https:\/\/solutions.elsaco.com\/en\/wp-json\/wp\/v2\/comments?post=1292"}],"version-history":[{"count":9,"href":"https:\/\/solutions.elsaco.com\/en\/wp-json\/wp\/v2\/pages\/1292\/revisions"}],"predecessor-version":[{"id":1597,"href":"https:\/\/solutions.elsaco.com\/en\/wp-json\/wp\/v2\/pages\/1292\/revisions\/1597"}],"wp:attachment":[{"href":"https:\/\/solutions.elsaco.com\/en\/wp-json\/wp\/v2\/media?parent=1292"}],"curies":[{"name":"wp","href":"https:\/\/api.w.org\/{rel}","templated":true}]}}