{"id":1280,"date":"2024-04-12T17:49:47","date_gmt":"2024-04-12T14:49:47","guid":{"rendered":"https:\/\/solutions.elsaco.com\/?page_id=1280"},"modified":"2024-04-17T12:23:27","modified_gmt":"2024-04-17T09:23:27","slug":"solicita-oferta","status":"publish","type":"page","link":"https:\/\/solutions.elsaco.com\/en\/solicita-oferta\/","title":{"rendered":"Request an offer"},"content":{"rendered":"<h1><strong>Request an offer!<\/strong><\/h1>\n\t<p>Fill out the form below and we will contact you as soon as possible.<\/p>\n\t<div class=\"wpforms-container\" id=\"wpforms-457\"><form id=\"wpforms-form-457\" class=\"wpforms-validate wpforms-form\" data-formid=\"457\" method=\"post\" enctype=\"multipart\/form-data\" action=\"\/en\/wp-json\/wp\/v2\/pages\/1280\" data-token=\"7678aea0abc7a5c3e4588734afd9fcf2\" data-token-time=\"1776309256\" data-trp-original-action=\"\/en\/wp-json\/wp\/v2\/pages\/1280\"><noscript class=\"wpforms-error-noscript\">Please enable JavaScript in your browser to complete this form.<\/noscript><div class=\"wpforms-field-container\"><div id=\"wpforms-457-field_1-container\" class=\"wpforms-field wpforms-field-name\" data-field-id=\"1\"><label class=\"wpforms-field-label\" for=\"wpforms-457-field_1\">Company name <span class=\"wpforms-required-label\">*<\/span><\/label><input type=\"text\" id=\"wpforms-457-field_1\" class=\"wpforms-field-medium wpforms-field-required\" name=\"wpforms[fields][1]\" required><\/div><div id=\"wpforms-457-field_6-container\" class=\"wpforms-field wpforms-field-text\" data-field-id=\"6\"><label class=\"wpforms-field-label\" for=\"wpforms-457-field_6\">City <span class=\"wpforms-required-label\">*<\/span><\/label><input type=\"text\" id=\"wpforms-457-field_6\" class=\"wpforms-field-medium wpforms-field-required\" name=\"wpforms[fields][6]\" required><\/div><div id=\"wpforms-457-field_5-container\" class=\"wpforms-field wpforms-field-select wpforms-field-select-style-classic\" data-field-id=\"5\"><label class=\"wpforms-field-label\" for=\"wpforms-457-field_5\">County <span class=\"wpforms-required-label\">*<\/span><\/label><select id=\"wpforms-457-field_5\" class=\"wpforms-field-medium wpforms-field-required\" name=\"wpforms[fields][5]\" required=\"required\"><option value=\"Alba\"  class=\"choice-4 depth-1\"  >white<\/option><option value=\"Arad\"  class=\"choice-5 depth-1\"  >Arad<\/option><option value=\"Arge\u0219\"  class=\"choice-6 depth-1\"  >Arges<\/option><option value=\"Bac\u0103u\"  class=\"choice-7 depth-1\"  >Bacau<\/option><option value=\"Bihor\"  class=\"choice-8 depth-1\"  >Bihor<\/option><option value=\"Bistri\u021ba-N\u0103s\u0103ud\"  class=\"choice-9 depth-1\"  >Bistrita-Nasaud<\/option><option value=\"Boto\u0219ani\"  class=\"choice-10 depth-1\"  >Boto\u0219ani<\/option><option value=\"Bra\u0219ov\"  class=\"choice-11 depth-1\"  >Bra\u015fov<\/option><option value=\"Br\u0103ila\"  class=\"choice-12 depth-1\"  >Braila<\/option><option value=\"Buz\u0103u\"  class=\"choice-13 depth-1\"  >Buzau<\/option><option value=\"Cara\u0219-Severin\"  class=\"choice-14 depth-1\"  >Caras-Severin<\/option><option value=\"C\u0103l\u0103ra\u0219i\"  class=\"choice-15 depth-1\"  >Calarasi<\/option><option value=\"Cluj\"  class=\"choice-16 depth-1\"  >Cluj<\/option><option value=\"Constan\u021ba\"  class=\"choice-17 depth-1\"  >Constant<\/option><option value=\"Covasna\"  class=\"choice-18 depth-1\"  >Covasna<\/option><option value=\"D\u00e2mbovi\u021ba\"  class=\"choice-19 depth-1\"  >Dambovita<\/option><option value=\"Dolj\"  class=\"choice-20 depth-1\"  >Dolj<\/option><option value=\"Gala\u021bi\"  class=\"choice-21 depth-1\"  >Galati<\/option><option value=\"Giurgiu\"  class=\"choice-22 depth-1\"  >George<\/option><option value=\"Gorj\"  class=\"choice-23 depth-1\"  >Gorge<\/option><option value=\"Harghita\"  class=\"choice-24 depth-1\"  >Snort<\/option><option value=\"Hunedoara\"  class=\"choice-25 depth-1\"  >Hunedoara<\/option><option value=\"Ialomi\u021ba\"  class=\"choice-26 depth-1\"  >IALOMI\u0162A<\/option><option value=\"Ia\u0219i\"  class=\"choice-27 depth-1\"  >Ia\u0219i<\/option><option value=\"Ilfov\"  class=\"choice-28 depth-1\"  >Ilfov<\/option><option value=\"Maramure\u0219\"  class=\"choice-29 depth-1\"  >Maramures<\/option><option value=\"Mehedin\u021bi\"  class=\"choice-30 depth-1\"  >MEHEDIN\u0162I<\/option><option value=\"Mure\u0219\"  class=\"choice-31 depth-1\"  >Mures<\/option><option value=\"Neam\u021b\"  class=\"choice-32 depth-1\"  >German<\/option><option value=\"Olt\"  class=\"choice-33 depth-1\"  >Olt<\/option><option value=\"Prahova\"  class=\"choice-34 depth-1\"  >Prahova<\/option><option value=\"Satu Mare\"  class=\"choice-35 depth-1\"  >Satu Mare<\/option><option value=\"S\u0103laj\"  class=\"choice-36 depth-1\"  >Salaj<\/option><option value=\"Sibiu\"  class=\"choice-37 depth-1\"  >Sibiu<\/option><option value=\"Suceava\"  class=\"choice-38 depth-1\"  >Suceava<\/option><option value=\"Teleorman\"  class=\"choice-39 depth-1\"  >Teleorman<\/option><option value=\"Timi\u0219\"  class=\"choice-40 depth-1\"  >Timis<\/option><option value=\"Tulcea\"  class=\"choice-41 depth-1\"  >Tulcea<\/option><option value=\"Vaslui\"  class=\"choice-42 depth-1\"  >row<\/option><option value=\"V\u00e2lcea\"  class=\"choice-43 depth-1\"  >dale<\/option><option value=\"Vrancea\"  class=\"choice-44 depth-1\"  >Vrancea<\/option><\/select><\/div><div id=\"wpforms-457-field_7-container\" class=\"wpforms-field wpforms-field-number\" data-field-id=\"7\"><label class=\"wpforms-field-label\" for=\"wpforms-457-field_7\">Phone <span class=\"wpforms-required-label\">*<\/span><\/label><input type=\"number\" id=\"wpforms-457-field_7\" class=\"wpforms-field-medium wpforms-field-required\" name=\"wpforms[fields][7]\" step=\"any\" required><\/div><div id=\"wpforms-457-field_2-container\" class=\"wpforms-field wpforms-field-email\" data-field-id=\"2\"><label class=\"wpforms-field-label\" for=\"wpforms-457-field_2\">E-mail <span class=\"wpforms-required-label\">*<\/span><\/label><input type=\"email\" id=\"wpforms-457-field_2\" class=\"wpforms-field-medium wpforms-field-required\" name=\"wpforms[fields][2]\" spellcheck=\"false\" required><\/div><div id=\"wpforms-457-field_3-container\" class=\"wpforms-field wpforms-field-text\" data-field-id=\"3\"><label class=\"wpforms-field-label\" for=\"wpforms-457-field_3\">Name and surname of contact person <span class=\"wpforms-required-label\">*<\/span><\/label><input type=\"text\" id=\"wpforms-457-field_3\" class=\"wpforms-field-medium wpforms-field-required\" name=\"wpforms[fields][3]\" required><\/div><div id=\"wpforms-457-field_4-container\" class=\"wpforms-field wpforms-field-textarea\" data-field-id=\"4\"><label class=\"wpforms-field-label\" for=\"wpforms-457-field_4\">Describe your request <span class=\"wpforms-required-label\">*<\/span><\/label><textarea id=\"wpforms-457-field_4\" class=\"wpforms-field-medium wpforms-field-required\" name=\"wpforms[fields][4]\" required><\/textarea><\/div><div id=\"wpforms-457-field_8-container\" class=\"wpforms-field wpforms-field-checkbox\" data-field-id=\"8\"><label class=\"wpforms-field-label wpforms-label-hide\">I agree to the storage and processing of my data by ELSACO SOLUTIONS. <span class=\"wpforms-required-label\">*<\/span><\/label><ul id=\"wpforms-457-field_8\" class=\"wpforms-field-required\"><li class=\"choice-1 depth-1\"><input type=\"checkbox\" id=\"wpforms-457-field_8_1\" name=\"wpforms[fields][8][]\" value=\"Sunt de acord cu stocarea \u0219i prelucrarea datelor mele de c\u0103tre ELSACO SOLUTIONS.\" required><label class=\"wpforms-field-label-inline\" for=\"wpforms-457-field_8_1\">I agree to the storage and processing of my data by ELSACO SOLUTIONS.<\/label><\/li><\/ul><\/div><div id=\"wpforms-457-field_9-container\" class=\"wpforms-field wpforms-field-checkbox\" data-field-id=\"9\"><label class=\"wpforms-field-label wpforms-label-hide\">I agree for ELSACO SOLUTIONS to send me commercial communications regarding its services and products (advertising materials, service offers and products), in accordance with the data protection policy.<\/label><ul id=\"wpforms-457-field_9\"><li class=\"choice-1 depth-1\"><input type=\"checkbox\" id=\"wpforms-457-field_9_1\" name=\"wpforms[fields][9][]\" value=\"Sunt de acord ca ELSACO SOLUTIONS s\u0103 imi trimit\u0103 comunic\u0103ri comerciale privind serviciile \u0219i produsele sale (materiale publicitare, oferte de servicii \u0219i produse), \u00een conformitate cu politica de protec\u021bie a datelor.\"  ><label class=\"wpforms-field-label-inline\" for=\"wpforms-457-field_9_1\">I agree for ELSACO SOLUTIONS to send me commercial communications regarding its services and products (advertising materials, service offers and products), in accordance with the data protection policy.<\/label><\/li><\/ul><\/div><\/div><!-- .wpforms-field-container --><div class=\"wpforms-recaptcha-container wpforms-is-recaptcha wpforms-is-recaptcha-type-v2\" ><div class=\"g-recaptcha\" data-sitekey=\"6Ldw7fYpAAAAAN6hfEsZj2kVLWrvfIJBjMKr-w3l\"><\/div><input type=\"text\" name=\"g-recaptcha-hidden\" class=\"wpforms-recaptcha-hidden\" style=\"position:absolute!important;clip:rect(0,0,0,0)!important;height:1px!important;width:1px!important;border:0!important;overflow:hidden!important;padding:0!important;margin:0!important;\" data-rule-recaptcha=\"1\"><\/div><div class=\"wpforms-submit-container\" ><input type=\"hidden\" name=\"wpforms[id]\" value=\"457\"><input type=\"hidden\" name=\"page_title\" value=\"\"><input type=\"hidden\" name=\"page_url\" value=\"https:\/\/solutions.elsaco.com\/en\/wp-json\/wp\/v2\/pages\/1280\"><input type=\"hidden\" name=\"url_referer\" value=\"\"><button type=\"submit\" name=\"wpforms[submit]\" id=\"wpforms-submit-457\" class=\"wpforms-submit\" data-alt-text=\"Se trimite...\" data-submit-text=\"Solicit\u0103 oferta!\" aria-live=\"assertive\" value=\"wpforms-submit\">Request offer!<\/button><\/div><input type=\"hidden\" name=\"trp-form-language\" value=\"en\"\/><\/form><\/div>  <!-- .wpforms-container -->","protected":false},"excerpt":{"rendered":"<p>Request an offer! Fill out the form below and we will contact you as soon as possible.<\/p>","protected":false},"author":1,"featured_media":0,"parent":0,"menu_order":0,"comment_status":"closed","ping_status":"closed","template":"","meta":{"site-sidebar-layout":"no-sidebar","site-content-layout":"page-builder","ast-site-content-layout":"","site-content-style":"default","site-sidebar-style":"default","ast-global-header-display":"","ast-banner-title-visibility":"","ast-main-header-display":"","ast-hfb-above-header-display":"","ast-hfb-below-header-display":"","ast-hfb-mobile-header-display":"","site-post-title":"disabled","ast-breadcrumbs-content":"disabled","ast-featured-img":"disabled","footer-sml-layout":"","theme-transparent-header-meta":"enabled","adv-header-id-meta":"","stick-header-meta":"","header-above-stick-meta":"","header-main-stick-meta":"","header-below-stick-meta":"","astra-migrate-meta-layouts":"default","ast-page-background-enabled":"default","ast-page-background-meta":{"desktop":{"background-color":"","background-image":"","background-repeat":"repeat","background-position":"center center","background-size":"auto","background-attachment":"scroll","background-type":"","background-media":"","overlay-type":"","overlay-color":"","overlay-gradient":""},"tablet":{"background-color":"","background-image":"","background-repeat":"repeat","background-position":"center center","background-size":"auto","background-attachment":"scroll","background-type":"","background-media":"","overlay-type":"","overlay-color":"","overlay-gradient":""},"mobile":{"background-color":"","background-image":"","background-repeat":"repeat","background-position":"center center","background-size":"auto","background-attachment":"scroll","background-type":"","background-media":"","overlay-type":"","overlay-color":"","overlay-gradient":""}},"ast-content-background-meta":{"desktop":{"background-color":"var(--ast-global-color-5)","background-image":"","background-repeat":"repeat","background-position":"center center","background-size":"auto","background-attachment":"scroll","background-type":"","background-media":"","overlay-type":"","overlay-color":"","overlay-gradient":""},"tablet":{"background-color":"var(--ast-global-color-5)","background-image":"","background-repeat":"repeat","background-position":"center center","background-size":"auto","background-attachment":"scroll","background-type":"","background-media":"","overlay-type":"","overlay-color":"","overlay-gradient":""},"mobile":{"background-color":"var(--ast-global-color-5)","background-image":"","background-repeat":"repeat","background-position":"center center","background-size":"auto","background-attachment":"scroll","background-type":"","background-media":"","overlay-type":"","overlay-color":"","overlay-gradient":""}},"footnotes":""},"class_list":["post-1280","page","type-page","status-publish","hentry"],"_links":{"self":[{"href":"https:\/\/solutions.elsaco.com\/en\/wp-json\/wp\/v2\/pages\/1280","targetHints":{"allow":["GET"]}}],"collection":[{"href":"https:\/\/solutions.elsaco.com\/en\/wp-json\/wp\/v2\/pages"}],"about":[{"href":"https:\/\/solutions.elsaco.com\/en\/wp-json\/wp\/v2\/types\/page"}],"author":[{"embeddable":true,"href":"https:\/\/solutions.elsaco.com\/en\/wp-json\/wp\/v2\/users\/1"}],"replies":[{"embeddable":true,"href":"https:\/\/solutions.elsaco.com\/en\/wp-json\/wp\/v2\/comments?post=1280"}],"version-history":[{"count":7,"href":"https:\/\/solutions.elsaco.com\/en\/wp-json\/wp\/v2\/pages\/1280\/revisions"}],"predecessor-version":[{"id":1447,"href":"https:\/\/solutions.elsaco.com\/en\/wp-json\/wp\/v2\/pages\/1280\/revisions\/1447"}],"wp:attachment":[{"href":"https:\/\/solutions.elsaco.com\/en\/wp-json\/wp\/v2\/media?parent=1280"}],"curies":[{"name":"wp","href":"https:\/\/api.w.org\/{rel}","templated":true}]}}