{"id":1263,"date":"2024-04-12T16:00:26","date_gmt":"2024-04-12T13:00:26","guid":{"rendered":"https:\/\/solutions.elsaco.com\/?page_id=1263"},"modified":"2026-04-24T19:33:53","modified_gmt":"2026-04-24T16:33:53","slug":"centrale-fotovoltaice-elsaco","status":"publish","type":"page","link":"https:\/\/solutions.elsaco.com\/en\/centrale-fotovoltaice-elsaco\/","title":{"rendered":"Photovoltaic plants"},"content":{"rendered":"\n\n\t<p><strong>Centrale Fotovoltaice<\/strong><\/p>\n\t<p>Tranzi\u021bia ta spre un viitor verde cu <strong>Elsaco Solutions<\/strong>! E timpul s\u0103 reduci costurile cu energia electric\u0103 aferente afacerii tale.<\/p>\n\t\t\t<a href=\"\/solicita-oferta\" target=\"_blank\" rel=\"noopener\"class=\"uabb-button uabb-creative-button uabb-creative-default-btn   \"  role=\"button\">\n\t\t\t\t\t\tSolicit\u0103 oferta\n\t\t<\/a>\n\t\t\t<h2>\n\t\t\t\t\tExperien\u021ba noastr\u0103\n\t\t\t\t<\/h2>\n\t<p>Peste 200.000 de panouri fotovoltaice instalate.<\/p>\n\t<p>Peste 80.000 kWp putere instalat\u0103.<\/p>\n\t<p>Peste 1000 de clien\u021bi mul\u021bumi\u021bi.<\/p>\n\t\t\t<img decoding=\"async\" loading='false' src=\"https:\/\/solutions.elsaco.com\/wp-content\/uploads\/2024\/04\/Inainte_1.jpg\" alt=\"\" \/>\t\t\t\n\t\t\t<img decoding=\"async\" loading='false' src=\"https:\/\/solutions.elsaco.com\/wp-content\/uploads\/2024\/04\/Dupa_1.jpg\" alt=\"\" \/>\t\t\t\n\t\t\t\t<a href=\"#\" aria-label=\"previous\" role=\"button\">\n<\/a>\n\t\t\t\t<a href=\"#\" aria-label=\"next\" role=\"button\">\n<\/a>\n\t\t\t<h2>\n\t\t\t\t\tEtapele colabor\u0103rii cu Elsaco Solutions:\n\t\t\t\t<\/h2>\n\t\t\t\t<a href=\"\/solicita-oferta\" target=\"_blank\" rel=\"noopener\"  itemprop=\"url\">\n\t\t\t\t<img loading=\"lazy\" decoding=\"async\" src=\"https:\/\/solutions.elsaco.com\/wp-content\/uploads\/2024\/04\/1-150x150.png\" alt=\"1\" itemprop=\"image\" height=\"150\" width=\"150\" title=\"1\" onerror=\"this.style.display='none'\"  \/>\n\t\t\t\t<\/a>\n\t<p><b>Analiza ini\u021bial\u0103 &#8211; Ofertarea<\/b><\/p>\n\t<p>Elsaco Solutions dispune de o echip\u0103 de speciali\u0219ti preg\u0103ti\u021bi s\u0103 v\u0103 asiste \u00een luarea celor mai bune decizii pe tot parcursul proiectului dumneavoastr\u0103.<\/p>\n<p>Echipa noastr\u0103 este aici s\u0103 v\u0103 ofere consultan\u021ba necesar\u0103 pentru a v\u0103 ghida proiectul \u00eentr-o manier\u0103 tehnic\u0103 \u0219i organizatoric\u0103 corect\u0103. Avem expertiza \u0219i instrumentele necesare pentru a analiza loca\u021biile poten\u021biale, pentru a identifica cele mai adecvate op\u021biuni pentru instalarea panourilor solare, pentru planificarea traseelor de cabluri \u0219i alte aspecte importante.<\/p>\n<p>Elsaco Solutions garanteaz\u0103 transparen\u021b\u0103 total\u0103 \u0219i absen\u021ba costurilor ascunse. \u00cen urma consult\u0103rilor detaliate, pute\u021bi fi sigur c\u0103 ve\u021bi alege echipamentul optim pentru compania dumneavoastr\u0103 \u0219i c\u0103 ve\u021bi economisi bani \u00eenc\u0103 de la punerea \u00een func\u021biune a sistemului fotovoltaic.<\/p>\n\t\t\t\t<a href=\"\/solicita-oferta\" target=\"_blank\" rel=\"noopener\"  itemprop=\"url\">\n\t\t\t\t<img loading=\"lazy\" decoding=\"async\" src=\"https:\/\/solutions.elsaco.com\/wp-content\/uploads\/2024\/04\/2-150x150.png\" alt=\"2\" itemprop=\"image\" height=\"150\" width=\"150\" title=\"2\" onerror=\"this.style.display='none'\"  \/>\n\t\t\t\t<\/a>\n\t<b>Proiectarea sistemului fotovoltaic<\/b>\n\tElsaco Solutions furnizeaz\u0103 sisteme fotovoltaice perfect adaptate nevoilor proiectului dvs.<br \/>\nFie c\u0103 este vorba despre amplasarea lor pe acoperi\u0219, pe teren sau pe carport, v\u0103 oferim solu\u021bii personalizate pentru fiecare scenariu. \u00cen acest fel pute\u021bi fi sigur c\u0103 ve\u021bi ob\u021bine randamentul optim pentru compania dvs.\n\t\t\t\t<a href=\"\/solicita-oferta\" target=\"_blank\" rel=\"noopener\"  itemprop=\"url\">\n\t\t\t\t<img loading=\"lazy\" decoding=\"async\" src=\"https:\/\/solutions.elsaco.com\/wp-content\/uploads\/2024\/04\/3-150x150.png\" alt=\"3\" itemprop=\"image\" height=\"150\" width=\"150\" title=\"3\" onerror=\"this.style.display='none'\"  \/>\n\t\t\t\t<\/a>\n\t<b>Montajul &#8211; Execu\u021bia &#8211; Punerea \u00een func\u021biune<\/b>\n\t<p>Elsaco Solutions se ocup\u0103 de instalarea sistemului cu profesioni\u0219ti califica\u021bi, iar dup\u0103 finalizarea lucr\u0103rilor, inginerii no\u0219tri certifica\u021bi de c\u0103tre ANRE vor pune \u00een func\u021biune instala\u021bia fotovoltaic\u0103 \u0219i vor efectua teste pentru a verifica buna func\u021bionare a acesteia.<\/p>\n\t\t\t\t<a href=\"\/solicita-oferta\" target=\"_blank\" rel=\"noopener\"  itemprop=\"url\">\n\t\t\t\t<img loading=\"lazy\" decoding=\"async\" src=\"https:\/\/solutions.elsaco.com\/wp-content\/uploads\/2024\/04\/sun1-150x150.png\" alt=\"sun1\" itemprop=\"image\" height=\"150\" width=\"150\" title=\"sun1\" onerror=\"this.style.display='none'\"  \/>\n\t\t\t\t<\/a>\n\t<b>Mentenan\u021ba<\/b>\n\t<p>Elsaco Solutions ofer\u0103 servicii de mentenan\u021b\u0103 a sistemelor fotovoltaice instalate. O neglijare a \u00eentre\u021binerii poate conduce la sc\u0103derea performan\u021bei sau chiar la pierderea produc\u021biei din cauza deterior\u0103rii unor componente ale sistemului fotovoltaic. Recomand\u0103m cu t\u0103rie \u00eentre\u021binerea regulat\u0103, anual\u0103 \u0219i semnalarea oric\u0103ror probleme ap\u0103rute.<\/p>\n\t\t\t<h2>\n\t\t\t\t\tCompanii care au ales realizarea sistemelor fotovoltaice cu Elsaco Solutions:\n\t\t\t\t<\/h2>\n\t<p><strong>Fii primul care afl\u0103 nout\u0103\u021bile abon\u00e2ndu-te la newsletter-ul Elsaco Solutions!<\/strong><\/p>\n\t<div class=\"wpforms-container \" id=\"wpforms-455\"><form id=\"wpforms-form-455\" class=\"wpforms-validate wpforms-form\" data-formid=\"455\" method=\"post\" enctype=\"multipart\/form-data\" action=\"\/en\/wp-json\/wp\/v2\/pages\/1263\" data-token=\"5424a2e9a9d373d92c0cbf6148273d12\" data-token-time=\"1778168613\"><noscript class=\"wpforms-error-noscript\">Please enable JavaScript in your browser to complete this form.<\/noscript><div class=\"wpforms-field-container\"><div id=\"wpforms-455-field_2-container\" class=\"wpforms-field wpforms-field-email\" data-field-id=\"2\"><label class=\"wpforms-field-label wpforms-label-hide\" for=\"wpforms-455-field_2\">Email <span class=\"wpforms-required-label\">*<\/span><\/label><input type=\"email\" id=\"wpforms-455-field_2\" class=\"wpforms-field-medium wpforms-field-required\" name=\"wpforms[fields][2]\" placeholder=\"Email\" spellcheck=\"false\" required><\/div><\/div><!-- .wpforms-field-container --><div class=\"wpforms-submit-container\" ><input type=\"hidden\" name=\"wpforms[id]\" value=\"455\"><input type=\"hidden\" name=\"page_title\" value=\"\"><input type=\"hidden\" name=\"page_url\" value=\"https:\/\/solutions.elsaco.com\/en\/wp-json\/wp\/v2\/pages\/1263\"><input type=\"hidden\" name=\"url_referer\" value=\"\"><button type=\"submit\" name=\"wpforms[submit]\" id=\"wpforms-submit-455\" class=\"wpforms-submit wpforms-one-thirds wpforms-third\" data-alt-text=\"Abonare...\" data-submit-text=\"Abonare!\" aria-live=\"assertive\" value=\"wpforms-submit\">Abonare!<\/button><\/div><\/form><\/div>  <!-- .wpforms-container -->\n\t<iframe src=\"https:\/\/www.google.com\/maps\/embed\/v1\/place?q=Boto%C8%99ani%2C+Pacea+41A%2C+710013&#038;key=AIzaSyD09zQ9PNDNNy9TadMuzRV_UsPUoWKntt8\" aria-hidden=\"true\"><\/iframe>\n\n","protected":false},"excerpt":{"rendered":"<p>Centrale Fotovoltaice Tranzi\u021bia ta spre un viitor verde cu Elsaco Solutions! E timpul s\u0103 reduci costurile cu energia electric\u0103 aferente afacerii tale. Solicit\u0103 oferta Experien\u021ba noastr\u0103 Peste 200.000 de panouri fotovoltaice instalate. Peste 80.000 kWp putere instalat\u0103. Peste 1000 de clien\u021bi mul\u021bumi\u021bi. Etapele colabor\u0103rii cu Elsaco Solutions: Analiza ini\u021bial\u0103 &#8211; Ofertarea Elsaco Solutions dispune de [&hellip;]<\/p>\n","protected":false},"author":1,"featured_media":0,"parent":0,"menu_order":0,"comment_status":"closed","ping_status":"closed","template":"","meta":{"site-sidebar-layout":"no-sidebar","site-content-layout":"page-builder","ast-site-content-layout":"","site-content-style":"default","site-sidebar-style":"default","ast-global-header-display":"","ast-banner-title-visibility":"","ast-main-header-display":"","ast-hfb-above-header-display":"","ast-hfb-below-header-display":"","ast-hfb-mobile-header-display":"","site-post-title":"disabled","ast-breadcrumbs-content":"disabled","ast-featured-img":"disabled","footer-sml-layout":"","theme-transparent-header-meta":"enabled","adv-header-id-meta":"","stick-header-meta":"","header-above-stick-meta":"","header-main-stick-meta":"","header-below-stick-meta":"","astra-migrate-meta-layouts":"default","ast-page-background-enabled":"default","ast-page-background-meta":{"desktop":{"background-color":"","background-image":"","background-repeat":"repeat","background-position":"center center","background-size":"auto","background-attachment":"scroll","background-type":"","background-media":"","overlay-type":"","overlay-color":"","overlay-gradient":""},"tablet":{"background-color":"","background-image":"","background-repeat":"repeat","background-position":"center center","background-size":"auto","background-attachment":"scroll","background-type":"","background-media":"","overlay-type":"","overlay-color":"","overlay-gradient":""},"mobile":{"background-color":"","background-image":"","background-repeat":"repeat","background-position":"center center","background-size":"auto","background-attachment":"scroll","background-type":"","background-media":"","overlay-type":"","overlay-color":"","overlay-gradient":""}},"ast-content-background-meta":{"desktop":{"background-color":"var(--ast-global-color-5)","background-image":"","background-repeat":"repeat","background-position":"center center","background-size":"auto","background-attachment":"scroll","background-type":"","background-media":"","overlay-type":"","overlay-color":"","overlay-gradient":""},"tablet":{"background-color":"var(--ast-global-color-5)","background-image":"","background-repeat":"repeat","background-position":"center center","background-size":"auto","background-attachment":"scroll","background-type":"","background-media":"","overlay-type":"","overlay-color":"","overlay-gradient":""},"mobile":{"background-color":"var(--ast-global-color-5)","background-image":"","background-repeat":"repeat","background-position":"center center","background-size":"auto","background-attachment":"scroll","background-type":"","background-media":"","overlay-type":"","overlay-color":"","overlay-gradient":""}},"footnotes":""},"class_list":["post-1263","page","type-page","status-publish","hentry"],"_links":{"self":[{"href":"https:\/\/solutions.elsaco.com\/en\/wp-json\/wp\/v2\/pages\/1263","targetHints":{"allow":["GET"]}}],"collection":[{"href":"https:\/\/solutions.elsaco.com\/en\/wp-json\/wp\/v2\/pages"}],"about":[{"href":"https:\/\/solutions.elsaco.com\/en\/wp-json\/wp\/v2\/types\/page"}],"author":[{"embeddable":true,"href":"https:\/\/solutions.elsaco.com\/en\/wp-json\/wp\/v2\/users\/1"}],"replies":[{"embeddable":true,"href":"https:\/\/solutions.elsaco.com\/en\/wp-json\/wp\/v2\/comments?post=1263"}],"version-history":[{"count":13,"href":"https:\/\/solutions.elsaco.com\/en\/wp-json\/wp\/v2\/pages\/1263\/revisions"}],"predecessor-version":[{"id":1593,"href":"https:\/\/solutions.elsaco.com\/en\/wp-json\/wp\/v2\/pages\/1263\/revisions\/1593"}],"wp:attachment":[{"href":"https:\/\/solutions.elsaco.com\/en\/wp-json\/wp\/v2\/media?parent=1263"}],"curies":[{"name":"wp","href":"https:\/\/api.w.org\/{rel}","templated":true}]}}